{"id":7723,"date":"2020-05-11T12:04:40","date_gmt":"2020-05-11T10:04:40","guid":{"rendered":"https:\/\/www.trace-gas.com\/imprint\/"},"modified":"2026-04-21T12:12:41","modified_gmt":"2026-04-21T10:12:41","slug":"imprint","status":"publish","type":"page","link":"https:\/\/www.trace-gas.com\/de\/imprint\/","title":{"rendered":"Impressum"},"content":{"rendered":"\t\t<div data-elementor-type=\"wp-post\" data-elementor-id=\"7723\" class=\"elementor elementor-7723 elementor-5171\" data-elementor-post-type=\"page\">\n\t\t\t\t\t\t<section class=\"elementor-section elementor-top-section elementor-element elementor-element-2b9ad090 elementor-section-height-min-height elementor-section-items-stretch elementor-section-boxed elementor-section-height-default\" data-id=\"2b9ad090\" data-element_type=\"section\" data-e-type=\"section\" data-settings=\"{&quot;background_background&quot;:&quot;gradient&quot;,&quot;animation&quot;:&quot;none&quot;}\">\n\t\t\t\t\t\t<div class=\"elementor-container elementor-column-gap-default\">\n\t\t\t\t\t<div class=\"elementor-column elementor-col-100 elementor-top-column elementor-element elementor-element-529ab031\" data-id=\"529ab031\" data-element_type=\"column\" data-e-type=\"column\">\n\t\t\t<div class=\"elementor-widget-wrap elementor-element-populated\">\n\t\t\t\t\t\t<div class=\"elementor-element elementor-element-648b5fa3 elementor-widget elementor-widget-heading\" data-id=\"648b5fa3\" data-element_type=\"widget\" data-e-type=\"widget\" data-widget_type=\"heading.default\">\n\t\t\t\t<div class=\"elementor-widget-container\">\n\t\t\t\t\t<h1 class=\"elementor-heading-title elementor-size-default\">Impressum<\/h1>\t\t\t\t<\/div>\n\t\t\t\t<\/div>\n\t\t\t\t\t<\/div>\n\t\t<\/div>\n\t\t\t\t\t<\/div>\n\t\t<\/section>\n\t\t\t\t<section class=\"elementor-section elementor-top-section elementor-element elementor-element-e50747b elementor-section-boxed elementor-section-height-default elementor-section-height-default\" data-id=\"e50747b\" data-element_type=\"section\" data-e-type=\"section\">\n\t\t\t\t\t\t<div class=\"elementor-container elementor-column-gap-default\">\n\t\t\t\t\t<div class=\"elementor-column elementor-col-100 elementor-top-column elementor-element elementor-element-6d2fabe\" data-id=\"6d2fabe\" data-element_type=\"column\" data-e-type=\"column\">\n\t\t\t<div class=\"elementor-widget-wrap elementor-element-populated\">\n\t\t\t\t\t\t<div class=\"elementor-element elementor-element-96ba1a3 elementor-widget elementor-widget-heading\" data-id=\"96ba1a3\" data-element_type=\"widget\" data-e-type=\"widget\" data-widget_type=\"heading.default\">\n\t\t\t\t<div class=\"elementor-widget-container\">\n\t\t\t\t\t<h2 class=\"elementor-heading-title elementor-size-default\">Informationen nach \u00a75DDG:<\/h2>\t\t\t\t<\/div>\n\t\t\t\t<\/div>\n\t\t\t\t\t<\/div>\n\t\t<\/div>\n\t\t\t\t\t<\/div>\n\t\t<\/section>\n\t\t\t\t<section class=\"elementor-section elementor-top-section elementor-element elementor-element-c8732a7 elementor-section-boxed elementor-section-height-default elementor-section-height-default\" data-id=\"c8732a7\" data-element_type=\"section\" data-e-type=\"section\">\n\t\t\t\t\t\t<div class=\"elementor-container elementor-column-gap-default\">\n\t\t\t\t\t<div class=\"elementor-column elementor-col-50 elementor-top-column elementor-element elementor-element-d1c74c2\" data-id=\"d1c74c2\" data-element_type=\"column\" data-e-type=\"column\">\n\t\t\t<div class=\"elementor-widget-wrap elementor-element-populated\">\n\t\t\t\t\t\t<div class=\"elementor-element elementor-element-e21bf64 elementor-widget elementor-widget-text-editor\" data-id=\"e21bf64\" data-element_type=\"widget\" data-e-type=\"widget\" data-widget_type=\"text-editor.default\">\n\t\t\t\t<div class=\"elementor-widget-container\">\n\t\t\t\t\t\t\t\t\t<h2><strong>KNESTEL Technologie &amp; Elektronik GmbH<\/strong><\/h2>\n<p>Osterwalder Str. 12<br \/>87496 Hopferbach<br \/>Germany <\/p>\n<p><strong>Phone:<\/strong> +49 (0) 83 72 &#8211; 70 80<br \/><strong>E-Mail:<\/strong> <img decoding=\"async\" data-src=\"https:\/\/www.trace-gas.com\/wp-content\/uploads\/2020\/03\/Mailadresse-300x51.png\" alt=\"\" width=\"176\" height=\"30\" src=\"data:image\/svg+xml;base64,PHN2ZyB3aWR0aD0iMSIgaGVpZ2h0PSIxIiB4bWxucz0iaHR0cDovL3d3dy53My5vcmcvMjAwMC9zdmciPjwvc3ZnPg==\" class=\"lazyload\" style=\"--smush-placeholder-width: 176px; --smush-placeholder-aspect-ratio: 176\/30;\"><\/p>\n<p><a href=\"http:\/\/www.knestel.de\">www.knestel.de<\/a><\/p>\n<p><span style=\"color: #808080;\"><strong>Eingetragener Sitz:<\/strong> Hopferbach<\/span><br \/><span style=\"color: #808080;\"><strong>Gesch\u00e4ftsf\u00fchrer:<\/strong> Dr.-Ing. Markus Knestel<\/span><br \/><span style=\"color: #808080;\"><strong>Registergericht:<\/strong> Amtsgericht Kempten<\/span><br \/><span style=\"color: #808080;\"><strong>Registernummer: <\/strong> HRB 10342<\/span><\/p>\n<p><strong>Umsatzsteuer-Identifikationsnummer (USt-IdNr.) gem\u00e4\u00df \u00a7 27 a Umsatzsteuergesetz: <\/strong><\/p>\n<p>DE266440972<\/p>\n<p><strong>Verantwortlich f\u00fcr den Inhalt nach \u00a7 10 Absatz 3 des Telemediengesetzes (TMG):<\/strong><\/p>\n<p>Dr.-Ing. Markus Knestel<\/p>\n<p><strong>Verantwortlich f\u00fcr den redaktionellen Inhalt<\/strong><\/p>\n<p>Dr.-Ing. Markus Knestel<\/p>\n<p><a title=\"Einkaufsbedingungen KT\" href=\"https:\/\/knestel.de\/wp-content\/uploads\/2020\/11\/Allgemeine-Einkaufsbedingungen-KNESTEL-Technologie-und-Elektronik-GmbH-Stand-Februar-2018.pdf\" target=\"_blank\" rel=\"alternate noopener\">Allgemeine Gesch\u00e4ftsbedingungen Einkauf<\/a><\/p>\n<p><a title=\"Verkaufsbedingungen KT\" href=\"https:\/\/knestel.de\/wp-content\/uploads\/2020\/11\/Allgemeine-Verkaufsbedingungen-KNESTEL-Technologie-und-Elektronik-GmbH-Stand-Februar-2018.pdf\" target=\"_blank\" rel=\"alternate noopener\">Allgemeine Gesch\u00e4ftsbedingungen Verkauf<\/a><\/p>\n\t\t\t\t\t\t\t\t<\/div>\n\t\t\t\t<\/div>\n\t\t\t\t<div class=\"elementor-element elementor-element-fb725f9 elementor-widget elementor-widget-text-editor\" data-id=\"fb725f9\" data-element_type=\"widget\" data-e-type=\"widget\" data-widget_type=\"text-editor.default\">\n\t\t\t\t<div class=\"elementor-widget-container\">\n\t\t\t\t\t\t\t\t\t<p><strong>Hinweis:<\/strong> <br \/>Die technischen Daten k\u00f6nnen ohne vorherige Ank\u00fcndigung ge\u00e4ndert werden. <\/p>\n<p>Obwohl bei der Erstellung dieses Dokuments mit der gebotenen Sorgfalt vorgegangen wurde, k\u00f6nnen Fehler und Auslassungen vorkommen.<\/p>\n\t\t\t\t\t\t\t\t<\/div>\n\t\t\t\t<\/div>\n\t\t\t\t\t<\/div>\n\t\t<\/div>\n\t\t\t\t<div class=\"elementor-column elementor-col-25 elementor-top-column elementor-element elementor-element-589c5f0\" data-id=\"589c5f0\" data-element_type=\"column\" data-e-type=\"column\">\n\t\t\t<div class=\"elementor-widget-wrap elementor-element-populated\">\n\t\t\t\t\t\t<div class=\"elementor-element elementor-element-c75a434 elementor-widget elementor-widget-image\" data-id=\"c75a434\" data-element_type=\"widget\" data-e-type=\"widget\" data-widget_type=\"image.default\">\n\t\t\t\t<div class=\"elementor-widget-container\">\n\t\t\t\t\t\t\t\t\t\t\t\t\t\t\t<img fetchpriority=\"high\" decoding=\"async\" width=\"768\" height=\"324\" src=\"https:\/\/www.trace-gas.com\/wp-content\/uploads\/2021\/01\/KNESTEL_Aussenansicht_klein-768x324.jpg\" class=\"attachment-medium_large size-medium_large wp-image-9699\" alt=\"\" srcset=\"https:\/\/www.trace-gas.com\/wp-content\/uploads\/2021\/01\/KNESTEL_Aussenansicht_klein-768x324.jpg 768w, https:\/\/www.trace-gas.com\/wp-content\/uploads\/2021\/01\/KNESTEL_Aussenansicht_klein-300x126.jpg 300w, https:\/\/www.trace-gas.com\/wp-content\/uploads\/2021\/01\/KNESTEL_Aussenansicht_klein-1024x432.jpg 1024w, https:\/\/www.trace-gas.com\/wp-content\/uploads\/2021\/01\/KNESTEL_Aussenansicht_klein-1536x648.jpg 1536w, https:\/\/www.trace-gas.com\/wp-content\/uploads\/2021\/01\/KNESTEL_Aussenansicht_klein-959x404.jpg 959w, https:\/\/www.trace-gas.com\/wp-content\/uploads\/2021\/01\/KNESTEL_Aussenansicht_klein.jpg 1919w\" sizes=\"(max-width: 768px) 100vw, 768px\" \/>\t\t\t\t\t\t\t\t\t\t\t\t\t\t\t<\/div>\n\t\t\t\t<\/div>\n\t\t\t\t\t<\/div>\n\t\t<\/div>\n\t\t\t\t<div class=\"elementor-column elementor-col-25 elementor-top-column elementor-element elementor-element-39ebe08\" data-id=\"39ebe08\" data-element_type=\"column\" data-e-type=\"column\">\n\t\t\t<div class=\"elementor-widget-wrap\">\n\t\t\t\t\t\t\t<\/div>\n\t\t<\/div>\n\t\t\t\t\t<\/div>\n\t\t<\/section>\n\t\t\t\t<section class=\"elementor-section elementor-top-section elementor-element elementor-element-5d20230 elementor-section-boxed elementor-section-height-default elementor-section-height-default\" data-id=\"5d20230\" data-element_type=\"section\" data-e-type=\"section\">\n\t\t\t\t\t\t<div class=\"elementor-container elementor-column-gap-default\">\n\t\t\t\t\t<div class=\"elementor-column elementor-col-100 elementor-top-column elementor-element elementor-element-c099d8b\" data-id=\"c099d8b\" data-element_type=\"column\" data-e-type=\"column\">\n\t\t\t<div class=\"elementor-widget-wrap elementor-element-populated\">\n\t\t\t\t\t\t<div class=\"elementor-element elementor-element-3dc2a91 elementor-widget elementor-widget-text-editor\" data-id=\"3dc2a91\" data-element_type=\"widget\" data-e-type=\"widget\" data-widget_type=\"text-editor.default\">\n\t\t\t\t<div class=\"elementor-widget-container\">\n\t\t\t\t\t\t\t\t\t<h3><span style=\"color: inherit; font-family: inherit;\">Verbraucherstreitbeilegung\/universelle Streitbeilegungsstelle<\/span><\/h3><br><p>Wir sind nicht bereit oder verpflichtet, an einem Streitbeilegungsverfahren vor einer Verbraucherschlichtungsstelle teilzunehmen.<\/p>\t\t\t\t\t\t\t\t<\/div>\n\t\t\t\t<\/div>\n\t\t\t\t<div class=\"elementor-element elementor-element-79f164a elementor-widget elementor-widget-text-editor\" data-id=\"79f164a\" data-element_type=\"widget\" data-e-type=\"widget\" data-widget_type=\"text-editor.default\">\n\t\t\t\t<div class=\"elementor-widget-container\">\n\t\t\t\t\t\t\t\t\t<h3>Haftung f\u00fcr Inhalte<\/h3>\n<p>Als Diensteanbieter sind wir gem\u00e4\u00df \u00a7 7 Abs.1 TMG f\u00fcr eigene Inhalte auf diesen Seiten nach den allgemeinen Gesetzen verantwortlich. Nach \u00a7\u00a7 8 bis 10 TMG sind wir als Diensteanbieter jedoch nicht verpflichtet, \u00fcbermittelte oder gespeicherte fremde Informationen zu \u00fcberwachen oder nach Umst\u00e4nden zu forschen, die auf eine rechtswidrige T\u00e4tigkeit hinweisen. <\/p>\n<p>Verpflichtungen zur Entfernung oder Sperrung der Nutzung von Informationen nach den allgemeinen Gesetzen bleiben hiervon unber\u00fchrt. Eine diesbez\u00fcgliche Haftung ist jedoch erst ab dem Zeitpunkt der Kenntnis einer konkreten Rechtsverletzung m\u00f6glich. Bei Bekanntwerden von entsprechenden Rechtsverletzungen werden wir diese Inhalte umgehend entfernen.  <\/p>\n\t\t\t\t\t\t\t\t<\/div>\n\t\t\t\t<\/div>\n\t\t\t\t<div class=\"elementor-element elementor-element-c0a1056 elementor-widget elementor-widget-text-editor\" data-id=\"c0a1056\" data-element_type=\"widget\" data-e-type=\"widget\" data-widget_type=\"text-editor.default\">\n\t\t\t\t<div class=\"elementor-widget-container\">\n\t\t\t\t\t\t\t\t\t<h3>Haftung f\u00fcr Links<\/h3>\n<p>Unser Angebot enth\u00e4lt Links zu externen Webseiten Dritter, auf deren Inhalte wir keinen Einfluss haben. Deshalb k\u00f6nnen wir f\u00fcr diese fremden Inhalte auch keine Gew\u00e4hr \u00fcbernehmen. F\u00fcr die Inhalte der verlinkten Seiten ist stets der jeweilige Anbieter oder Betreiber der Seiten verantwortlich. Die verlinkten Seiten wurden zum Zeitpunkt der Verlinkung auf m\u00f6gliche Rechtsverst\u00f6\u00dfe \u00fcberpr\u00fcft. Rechtswidrige Inhalte waren zum Zeitpunkt der Verlinkung nicht erkennbar.    <\/p>\n<p>Eine permanente inhaltliche Kontrolle der verlinkten Seiten ist jedoch ohne konkrete Anhaltspunkte einer Rechtsverletzung nicht zumutbar. Bei Bekanntwerden von Rechtsverletzungen werden wir derartige Links umgehend entfernen. <\/p>\n\t\t\t\t\t\t\t\t<\/div>\n\t\t\t\t<\/div>\n\t\t\t\t<div class=\"elementor-element elementor-element-125d6bf elementor-widget elementor-widget-text-editor\" data-id=\"125d6bf\" data-element_type=\"widget\" data-e-type=\"widget\" data-widget_type=\"text-editor.default\">\n\t\t\t\t<div class=\"elementor-widget-container\">\n\t\t\t\t\t\t\t\t\t<h3>Copyright<\/h3>\n<p>Die durch den Betreiber der Website erstellten Inhalte und Werke auf diesen Seiten unterliegen dem deutschen Urheberrecht. Die Vervielf\u00e4ltigung, Bearbeitung, Verbreitung und jede Art der Verwertung au\u00dferhalb der Grenzen des Urheberrechtes bed\u00fcrfen der schriftlichen Zustimmung des jeweiligen Autors bzw. Erstellers. Downloads und Kopien dieser Seite sind nur f\u00fcr den privaten, nicht kommerziellen Gebrauch gestattet.  <\/p>\n<p>Soweit die Inhalte auf dieser Seite nicht vom Betreiber erstellt wurden, werden die Urheberrechte Dritter beachtet. Insbesondere werden Inhalte Dritter als solche gekennzeichnet. Sollten Sie trotzdem auf eine Urheberrechtsverletzung aufmerksam werden, bitten wir um einen entsprechenden Hinweis. Bei Bekanntwerden von Rechtsverletzungen werden wir derartige Inhalte umgehend entfernen.   <\/p>\n\t\t\t\t\t\t\t\t<\/div>\n\t\t\t\t<\/div>\n\t\t\t\t\t<\/div>\n\t\t<\/div>\n\t\t\t\t\t<\/div>\n\t\t<\/section>\n\t\t\t\t<\/div>\n\t\t","protected":false},"excerpt":{"rendered":"<p>Informationen nach \u00a75DDG: KNESTEL Technologie &amp; Elektronik GmbH Osterwalder Str. 1287496 HopferbachGermany Phone: +49 (0) 83 72 &#8211; 70 80E-Mail: www.knestel.de Eingetragener Sitz: HopferbachGesch\u00e4ftsf\u00fchrer: Dr.-Ing. Markus KnestelRegistergericht: Amtsgericht KemptenRegisternummer: HRB 10342 Umsatzsteuer-Identifikationsnummer (USt-IdNr.) gem\u00e4\u00df \u00a7 27 a Umsatzsteuergesetz: DE266440972 Verantwortlich f\u00fcr den Inhalt nach \u00a7 10 Absatz 3 des Telemediengesetzes (TMG): Dr.-Ing. Markus Knestel Verantwortlich [&hellip;]<\/p>\n","protected":false},"author":9,"featured_media":0,"parent":0,"menu_order":64,"comment_status":"closed","ping_status":"closed","template":"","meta":{"footnotes":""},"class_list":["post-7723","page","type-page","status-publish","hentry"],"yoast_head":"<!-- This site is optimized with the Yoast SEO plugin v27.4 - https:\/\/yoast.com\/product\/yoast-seo-wordpress\/ -->\n<title>Impressum | TRACE-GAS<\/title>\n<meta name=\"description\" content=\"TRACE-GAS tracegas analyzer - Laserabsorption spectroscopy LAS\/TDLAS &amp; Photoacoustic spectroscopy PAS &amp; Chemilumineszenz detector CLD &amp; NDIR\" \/>\n<meta name=\"robots\" content=\"noindex, nofollow\" \/>\n<meta property=\"og:locale\" content=\"de_DE\" \/>\n<meta property=\"og:type\" content=\"article\" \/>\n<meta property=\"og:title\" content=\"Impressum | TRACE-GAS\" \/>\n<meta property=\"og:description\" content=\"TRACE-GAS tracegas analyzer - Laserabsorption spectroscopy LAS\/TDLAS &amp; Photoacoustic spectroscopy PAS &amp; Chemilumineszenz detector CLD &amp; NDIR\" \/>\n<meta property=\"og:url\" content=\"https:\/\/www.trace-gas.com\/de\/imprint\/\" \/>\n<meta property=\"og:site_name\" content=\"TRACE-GAS\" \/>\n<meta property=\"article:publisher\" content=\"https:\/\/www.facebook.com\/Knestel.GmbH\/\" \/>\n<meta property=\"article:modified_time\" content=\"2026-04-21T10:12:41+00:00\" \/>\n<meta property=\"og:image\" content=\"https:\/\/www.trace-gas.com\/wp-content\/uploads\/2020\/03\/Mailadresse-300x51.png\" \/>\n<meta name=\"twitter:card\" content=\"summary_large_image\" \/>\n<meta name=\"twitter:label1\" content=\"Gesch\u00e4tzte Lesezeit\" \/>\n\t<meta name=\"twitter:data1\" content=\"3\u00a0Minuten\" \/>\n<script type=\"application\/ld+json\" class=\"yoast-schema-graph\">{\"@context\":\"https:\\\/\\\/schema.org\",\"@graph\":[{\"@type\":\"WebPage\",\"@id\":\"https:\\\/\\\/www.trace-gas.com\\\/de\\\/imprint\\\/\",\"url\":\"https:\\\/\\\/www.trace-gas.com\\\/de\\\/imprint\\\/\",\"name\":\"Impressum | TRACE-GAS\",\"isPartOf\":{\"@id\":\"https:\\\/\\\/www.trace-gas.com\\\/de\\\/#website\"},\"primaryImageOfPage\":{\"@id\":\"https:\\\/\\\/www.trace-gas.com\\\/de\\\/imprint\\\/#primaryimage\"},\"image\":{\"@id\":\"https:\\\/\\\/www.trace-gas.com\\\/de\\\/imprint\\\/#primaryimage\"},\"thumbnailUrl\":\"https:\\\/\\\/www.trace-gas.com\\\/wp-content\\\/uploads\\\/2020\\\/03\\\/Mailadresse-300x51.png\",\"datePublished\":\"2020-05-11T10:04:40+00:00\",\"dateModified\":\"2026-04-21T10:12:41+00:00\",\"description\":\"TRACE-GAS tracegas analyzer - Laserabsorption spectroscopy LAS\\\/TDLAS & Photoacoustic spectroscopy PAS & Chemilumineszenz detector CLD & NDIR\",\"breadcrumb\":{\"@id\":\"https:\\\/\\\/www.trace-gas.com\\\/de\\\/imprint\\\/#breadcrumb\"},\"inLanguage\":\"de\",\"potentialAction\":[{\"@type\":\"ReadAction\",\"target\":[\"https:\\\/\\\/www.trace-gas.com\\\/de\\\/imprint\\\/\"]}]},{\"@type\":\"ImageObject\",\"inLanguage\":\"de\",\"@id\":\"https:\\\/\\\/www.trace-gas.com\\\/de\\\/imprint\\\/#primaryimage\",\"url\":\"https:\\\/\\\/www.trace-gas.com\\\/wp-content\\\/uploads\\\/2020\\\/03\\\/Mailadresse-300x51.png\",\"contentUrl\":\"https:\\\/\\\/www.trace-gas.com\\\/wp-content\\\/uploads\\\/2020\\\/03\\\/Mailadresse-300x51.png\"},{\"@type\":\"BreadcrumbList\",\"@id\":\"https:\\\/\\\/www.trace-gas.com\\\/de\\\/imprint\\\/#breadcrumb\",\"itemListElement\":[{\"@type\":\"ListItem\",\"position\":1,\"name\":\"Startseite\",\"item\":\"https:\\\/\\\/www.trace-gas.com\\\/de\\\/\"},{\"@type\":\"ListItem\",\"position\":2,\"name\":\"Impressum\"}]},{\"@type\":\"WebSite\",\"@id\":\"https:\\\/\\\/www.trace-gas.com\\\/de\\\/#website\",\"url\":\"https:\\\/\\\/www.trace-gas.com\\\/de\\\/\",\"name\":\"TRACE-GAS\",\"description\":\"trace gas analyzers and oem sensors\",\"publisher\":{\"@id\":\"https:\\\/\\\/www.trace-gas.com\\\/de\\\/#organization\"},\"potentialAction\":[{\"@type\":\"SearchAction\",\"target\":{\"@type\":\"EntryPoint\",\"urlTemplate\":\"https:\\\/\\\/www.trace-gas.com\\\/de\\\/?s={search_term_string}\"},\"query-input\":{\"@type\":\"PropertyValueSpecification\",\"valueRequired\":true,\"valueName\":\"search_term_string\"}}],\"inLanguage\":\"de\"},{\"@type\":\"Organization\",\"@id\":\"https:\\\/\\\/www.trace-gas.com\\\/de\\\/#organization\",\"name\":\"TRACE-GAS\",\"url\":\"https:\\\/\\\/www.trace-gas.com\\\/de\\\/\",\"logo\":{\"@type\":\"ImageObject\",\"inLanguage\":\"de\",\"@id\":\"https:\\\/\\\/www.trace-gas.com\\\/de\\\/#\\\/schema\\\/logo\\\/image\\\/\",\"url\":\"https:\\\/\\\/www.trace-gas.com\\\/wp-content\\\/uploads\\\/2018\\\/06\\\/logo-tracegasretina.png\",\"contentUrl\":\"https:\\\/\\\/www.trace-gas.com\\\/wp-content\\\/uploads\\\/2018\\\/06\\\/logo-tracegasretina.png\",\"width\":300,\"height\":34,\"caption\":\"TRACE-GAS\"},\"image\":{\"@id\":\"https:\\\/\\\/www.trace-gas.com\\\/de\\\/#\\\/schema\\\/logo\\\/image\\\/\"},\"sameAs\":[\"https:\\\/\\\/www.facebook.com\\\/Knestel.GmbH\\\/\",\"https:\\\/\\\/www.linkedin.com\\\/company\\\/knestel-technologie-&amp;amp;-elektronik-gmbh\\\/\"]}]}<\/script>\n<!-- \/ Yoast SEO plugin. -->","yoast_head_json":{"title":"Impressum | TRACE-GAS","description":"TRACE-GAS tracegas analyzer - Laserabsorption spectroscopy LAS\/TDLAS & Photoacoustic spectroscopy PAS & Chemilumineszenz detector CLD & NDIR","robots":{"index":"noindex","follow":"nofollow"},"og_locale":"de_DE","og_type":"article","og_title":"Impressum | TRACE-GAS","og_description":"TRACE-GAS tracegas analyzer - Laserabsorption spectroscopy LAS\/TDLAS & Photoacoustic spectroscopy PAS & Chemilumineszenz detector CLD & NDIR","og_url":"https:\/\/www.trace-gas.com\/de\/imprint\/","og_site_name":"TRACE-GAS","article_publisher":"https:\/\/www.facebook.com\/Knestel.GmbH\/","article_modified_time":"2026-04-21T10:12:41+00:00","og_image":[{"url":"https:\/\/www.trace-gas.com\/wp-content\/uploads\/2020\/03\/Mailadresse-300x51.png","type":"","width":"","height":""}],"twitter_card":"summary_large_image","twitter_misc":{"Gesch\u00e4tzte Lesezeit":"3\u00a0Minuten"},"schema":{"@context":"https:\/\/schema.org","@graph":[{"@type":"WebPage","@id":"https:\/\/www.trace-gas.com\/de\/imprint\/","url":"https:\/\/www.trace-gas.com\/de\/imprint\/","name":"Impressum | TRACE-GAS","isPartOf":{"@id":"https:\/\/www.trace-gas.com\/de\/#website"},"primaryImageOfPage":{"@id":"https:\/\/www.trace-gas.com\/de\/imprint\/#primaryimage"},"image":{"@id":"https:\/\/www.trace-gas.com\/de\/imprint\/#primaryimage"},"thumbnailUrl":"https:\/\/www.trace-gas.com\/wp-content\/uploads\/2020\/03\/Mailadresse-300x51.png","datePublished":"2020-05-11T10:04:40+00:00","dateModified":"2026-04-21T10:12:41+00:00","description":"TRACE-GAS tracegas analyzer - Laserabsorption spectroscopy LAS\/TDLAS & Photoacoustic spectroscopy PAS & Chemilumineszenz detector CLD & NDIR","breadcrumb":{"@id":"https:\/\/www.trace-gas.com\/de\/imprint\/#breadcrumb"},"inLanguage":"de","potentialAction":[{"@type":"ReadAction","target":["https:\/\/www.trace-gas.com\/de\/imprint\/"]}]},{"@type":"ImageObject","inLanguage":"de","@id":"https:\/\/www.trace-gas.com\/de\/imprint\/#primaryimage","url":"https:\/\/www.trace-gas.com\/wp-content\/uploads\/2020\/03\/Mailadresse-300x51.png","contentUrl":"https:\/\/www.trace-gas.com\/wp-content\/uploads\/2020\/03\/Mailadresse-300x51.png"},{"@type":"BreadcrumbList","@id":"https:\/\/www.trace-gas.com\/de\/imprint\/#breadcrumb","itemListElement":[{"@type":"ListItem","position":1,"name":"Startseite","item":"https:\/\/www.trace-gas.com\/de\/"},{"@type":"ListItem","position":2,"name":"Impressum"}]},{"@type":"WebSite","@id":"https:\/\/www.trace-gas.com\/de\/#website","url":"https:\/\/www.trace-gas.com\/de\/","name":"TRACE-GAS","description":"trace gas analyzers and oem sensors","publisher":{"@id":"https:\/\/www.trace-gas.com\/de\/#organization"},"potentialAction":[{"@type":"SearchAction","target":{"@type":"EntryPoint","urlTemplate":"https:\/\/www.trace-gas.com\/de\/?s={search_term_string}"},"query-input":{"@type":"PropertyValueSpecification","valueRequired":true,"valueName":"search_term_string"}}],"inLanguage":"de"},{"@type":"Organization","@id":"https:\/\/www.trace-gas.com\/de\/#organization","name":"TRACE-GAS","url":"https:\/\/www.trace-gas.com\/de\/","logo":{"@type":"ImageObject","inLanguage":"de","@id":"https:\/\/www.trace-gas.com\/de\/#\/schema\/logo\/image\/","url":"https:\/\/www.trace-gas.com\/wp-content\/uploads\/2018\/06\/logo-tracegasretina.png","contentUrl":"https:\/\/www.trace-gas.com\/wp-content\/uploads\/2018\/06\/logo-tracegasretina.png","width":300,"height":34,"caption":"TRACE-GAS"},"image":{"@id":"https:\/\/www.trace-gas.com\/de\/#\/schema\/logo\/image\/"},"sameAs":["https:\/\/www.facebook.com\/Knestel.GmbH\/","https:\/\/www.linkedin.com\/company\/knestel-technologie-&amp;amp;-elektronik-gmbh\/"]}]}},"_links":{"self":[{"href":"https:\/\/www.trace-gas.com\/de\/wp-json\/wp\/v2\/pages\/7723","targetHints":{"allow":["GET"]}}],"collection":[{"href":"https:\/\/www.trace-gas.com\/de\/wp-json\/wp\/v2\/pages"}],"about":[{"href":"https:\/\/www.trace-gas.com\/de\/wp-json\/wp\/v2\/types\/page"}],"author":[{"embeddable":true,"href":"https:\/\/www.trace-gas.com\/de\/wp-json\/wp\/v2\/users\/9"}],"replies":[{"embeddable":true,"href":"https:\/\/www.trace-gas.com\/de\/wp-json\/wp\/v2\/comments?post=7723"}],"version-history":[{"count":6,"href":"https:\/\/www.trace-gas.com\/de\/wp-json\/wp\/v2\/pages\/7723\/revisions"}],"predecessor-version":[{"id":15402,"href":"https:\/\/www.trace-gas.com\/de\/wp-json\/wp\/v2\/pages\/7723\/revisions\/15402"}],"wp:attachment":[{"href":"https:\/\/www.trace-gas.com\/de\/wp-json\/wp\/v2\/media?parent=7723"}],"curies":[{"name":"wp","href":"https:\/\/api.w.org\/{rel}","templated":true}]}}