{"id":7719,"date":"2020-05-11T12:02:28","date_gmt":"2020-05-11T10:02:28","guid":{"rendered":"https:\/\/www.trace-gas.com\/loesungen\/cldlite-kickdownnox\/"},"modified":"2021-02-03T07:31:26","modified_gmt":"2021-02-03T06:31:26","slug":"cldlite-kickdownnox","status":"publish","type":"page","link":"https:\/\/www.trace-gas.com\/de\/loesungen\/cldlite-kickdownnox\/","title":{"rendered":"CLDlite &#8211; KickDownNOx"},"content":{"rendered":"\t\t<div data-elementor-type=\"wp-page\" data-elementor-id=\"7719\" class=\"elementor elementor-7719 elementor-7110\" data-elementor-post-type=\"page\">\n\t\t\t\t\t\t<section class=\"elementor-section elementor-top-section elementor-element elementor-element-75679b09 elementor-section-boxed elementor-section-height-default elementor-section-height-default\" data-id=\"75679b09\" data-element_type=\"section\" data-e-type=\"section\">\n\t\t\t\t\t\t<div class=\"elementor-container elementor-column-gap-default\">\n\t\t\t\t\t<div class=\"elementor-column elementor-col-100 elementor-top-column elementor-element elementor-element-4abfc435\" data-id=\"4abfc435\" data-element_type=\"column\" data-e-type=\"column\">\n\t\t\t<div class=\"elementor-widget-wrap elementor-element-populated\">\n\t\t\t\t\t\t<div class=\"elementor-element elementor-element-32ca3483 elementor-widget elementor-widget-text-editor\" data-id=\"32ca3483\" data-element_type=\"widget\" data-e-type=\"widget\" data-widget_type=\"text-editor.default\">\n\t\t\t\t<div class=\"elementor-widget-container\">\n\t\t\t\t\t\t\t\t\t<p>demn\u00e4chst verf\u00fcgbar<\/p>\t\t\t\t\t\t\t\t<\/div>\n\t\t\t\t<\/div>\n\t\t\t\t\t<\/div>\n\t\t<\/div>\n\t\t\t\t\t<\/div>\n\t\t<\/section>\n\t\t\t\t<section class=\"elementor-section elementor-top-section elementor-element elementor-element-6719016 elementor-section-boxed elementor-section-height-default elementor-section-height-default\" data-id=\"6719016\" data-element_type=\"section\" data-e-type=\"section\" data-settings=\"{&quot;background_background&quot;:&quot;classic&quot;}\">\n\t\t\t\t\t\t\t<div class=\"elementor-background-overlay\"><\/div>\n\t\t\t\t\t\t\t<div class=\"elementor-container elementor-column-gap-default\">\n\t\t\t\t\t<div class=\"elementor-column elementor-col-100 elementor-top-column elementor-element elementor-element-e751437\" data-id=\"e751437\" data-element_type=\"column\" data-e-type=\"column\">\n\t\t\t<div class=\"elementor-widget-wrap elementor-element-populated\">\n\t\t\t\t\t\t<div class=\"elementor-element elementor-element-5aa92db elementor-widget elementor-widget-heading\" data-id=\"5aa92db\" data-element_type=\"widget\" data-e-type=\"widget\" data-widget_type=\"heading.default\">\n\t\t\t\t<div class=\"elementor-widget-container\">\n\t\t\t\t\t<h2 class=\"elementor-heading-title elementor-size-default\">Brauchen Sie Unterst\u00fctzung?<\/h2>\t\t\t\t<\/div>\n\t\t\t\t<\/div>\n\t\t\t\t<div class=\"elementor-element elementor-element-f47f9c9 elementor-widget-divider--view-line elementor-widget elementor-widget-divider\" data-id=\"f47f9c9\" data-element_type=\"widget\" data-e-type=\"widget\" data-widget_type=\"divider.default\">\n\t\t\t\t<div class=\"elementor-widget-container\">\n\t\t\t\t\t\t\t<div class=\"elementor-divider\">\n\t\t\t<span class=\"elementor-divider-separator\">\n\t\t\t\t\t\t<\/span>\n\t\t<\/div>\n\t\t\t\t\t\t<\/div>\n\t\t\t\t<\/div>\n\t\t\t\t<div class=\"elementor-element elementor-element-cdf9cac elementor-widget elementor-widget-text-editor\" data-id=\"cdf9cac\" data-element_type=\"widget\" data-e-type=\"widget\" data-widget_type=\"text-editor.default\">\n\t\t\t\t<div class=\"elementor-widget-container\">\n\t\t\t\t\t\t\t\t\t<p>Gerne helfen wir Ihnen bei der Auswahl der perfekten Gasanalysatoren Produkte f\u00fcr Ihre Bed\u00fcrfnisse. Sprechen Sie mit uns \u00fcber Gasanalyse Technologien und unsere Gasanalysatoren oder OEM Sensoren.<\/p>\t\t\t\t\t\t\t\t<\/div>\n\t\t\t\t<\/div>\n\t\t\t\t\t<\/div>\n\t\t<\/div>\n\t\t\t\t\t<\/div>\n\t\t<\/section>\n\t\t\t\t<\/div>\n\t\t","protected":false},"excerpt":{"rendered":"<p>CLD &#8211; Gasanalysator f\u00fcr mobile MessungenCLDlite Kick-Down-NOX demn\u00e4chst verf\u00fcgbar Hauptmerkmale Besonderheiten Messbereiche Spezifikationen Brauchen Sie Unterst\u00fctzung? Gerne helfen wir Ihnen bei der Auswahl der perfekten Gasanalysatoren Produkte f\u00fcr Ihre Bed\u00fcrfnisse. Sprechen Sie mit uns \u00fcber Gasanalyse Technologien und unsere Gasanalysatoren oder OEM Sensoren. Kontakt<\/p>\n","protected":false},"author":9,"featured_media":0,"parent":7705,"menu_order":61,"comment_status":"closed","ping_status":"closed","template":"","meta":{"footnotes":""},"class_list":["post-7719","page","type-page","status-publish","hentry"],"yoast_head":"<!-- This site is optimized with the Yoast SEO plugin v27.4 - https:\/\/yoast.com\/product\/yoast-seo-wordpress\/ -->\n<title>CLDlite - KickDownNOx Analyzer | TRACE-GAS<\/title>\n<meta name=\"description\" content=\"Continious emission monitoring system (CEMS) for CO, CO2, NOX, SO2. NDIR spectroscopy\" \/>\n<meta name=\"robots\" content=\"index, follow, max-snippet:-1, max-image-preview:large, max-video-preview:-1\" \/>\n<link rel=\"canonical\" href=\"https:\/\/www.trace-gas.com\/de\/loesungen\/cldlite-kickdownnox\/\" \/>\n<meta property=\"og:locale\" content=\"de_DE\" \/>\n<meta property=\"og:type\" content=\"article\" \/>\n<meta property=\"og:title\" content=\"CLDlite - KickDownNOx Analyzer | TRACE-GAS\" \/>\n<meta property=\"og:description\" content=\"Continious emission monitoring system (CEMS) for CO, CO2, NOX, SO2. NDIR spectroscopy\" \/>\n<meta property=\"og:url\" content=\"https:\/\/www.trace-gas.com\/de\/loesungen\/cldlite-kickdownnox\/\" \/>\n<meta property=\"og:site_name\" content=\"TRACE-GAS\" \/>\n<meta property=\"article:publisher\" content=\"https:\/\/www.facebook.com\/Knestel.GmbH\/\" \/>\n<meta property=\"article:modified_time\" content=\"2021-02-03T06:31:26+00:00\" \/>\n<meta name=\"twitter:card\" content=\"summary_large_image\" \/>\n<script type=\"application\/ld+json\" class=\"yoast-schema-graph\">{\"@context\":\"https:\\\/\\\/schema.org\",\"@graph\":[{\"@type\":\"WebPage\",\"@id\":\"https:\\\/\\\/www.trace-gas.com\\\/de\\\/loesungen\\\/cldlite-kickdownnox\\\/\",\"url\":\"https:\\\/\\\/www.trace-gas.com\\\/de\\\/loesungen\\\/cldlite-kickdownnox\\\/\",\"name\":\"CLDlite - KickDownNOx Analyzer | TRACE-GAS\",\"isPartOf\":{\"@id\":\"https:\\\/\\\/www.trace-gas.com\\\/de\\\/#website\"},\"datePublished\":\"2020-05-11T10:02:28+00:00\",\"dateModified\":\"2021-02-03T06:31:26+00:00\",\"description\":\"Continious emission monitoring system (CEMS) for CO, CO2, NOX, SO2. NDIR spectroscopy\",\"breadcrumb\":{\"@id\":\"https:\\\/\\\/www.trace-gas.com\\\/de\\\/loesungen\\\/cldlite-kickdownnox\\\/#breadcrumb\"},\"inLanguage\":\"de\",\"potentialAction\":[{\"@type\":\"ReadAction\",\"target\":[\"https:\\\/\\\/www.trace-gas.com\\\/de\\\/loesungen\\\/cldlite-kickdownnox\\\/\"]}]},{\"@type\":\"BreadcrumbList\",\"@id\":\"https:\\\/\\\/www.trace-gas.com\\\/de\\\/loesungen\\\/cldlite-kickdownnox\\\/#breadcrumb\",\"itemListElement\":[{\"@type\":\"ListItem\",\"position\":1,\"name\":\"Startseite\",\"item\":\"https:\\\/\\\/www.trace-gas.com\\\/de\\\/\"},{\"@type\":\"ListItem\",\"position\":2,\"name\":\"L\u00f6sungen\",\"item\":\"https:\\\/\\\/www.trace-gas.com\\\/de\\\/solutions-ndir-cems\\\/\"},{\"@type\":\"ListItem\",\"position\":3,\"name\":\"CLDlite &#8211; KickDownNOx\"}]},{\"@type\":\"WebSite\",\"@id\":\"https:\\\/\\\/www.trace-gas.com\\\/de\\\/#website\",\"url\":\"https:\\\/\\\/www.trace-gas.com\\\/de\\\/\",\"name\":\"TRACE-GAS\",\"description\":\"trace gas analyzers and oem sensors\",\"publisher\":{\"@id\":\"https:\\\/\\\/www.trace-gas.com\\\/de\\\/#organization\"},\"potentialAction\":[{\"@type\":\"SearchAction\",\"target\":{\"@type\":\"EntryPoint\",\"urlTemplate\":\"https:\\\/\\\/www.trace-gas.com\\\/de\\\/?s={search_term_string}\"},\"query-input\":{\"@type\":\"PropertyValueSpecification\",\"valueRequired\":true,\"valueName\":\"search_term_string\"}}],\"inLanguage\":\"de\"},{\"@type\":\"Organization\",\"@id\":\"https:\\\/\\\/www.trace-gas.com\\\/de\\\/#organization\",\"name\":\"TRACE-GAS\",\"url\":\"https:\\\/\\\/www.trace-gas.com\\\/de\\\/\",\"logo\":{\"@type\":\"ImageObject\",\"inLanguage\":\"de\",\"@id\":\"https:\\\/\\\/www.trace-gas.com\\\/de\\\/#\\\/schema\\\/logo\\\/image\\\/\",\"url\":\"https:\\\/\\\/www.trace-gas.com\\\/wp-content\\\/uploads\\\/2018\\\/06\\\/logo-tracegasretina.png\",\"contentUrl\":\"https:\\\/\\\/www.trace-gas.com\\\/wp-content\\\/uploads\\\/2018\\\/06\\\/logo-tracegasretina.png\",\"width\":300,\"height\":34,\"caption\":\"TRACE-GAS\"},\"image\":{\"@id\":\"https:\\\/\\\/www.trace-gas.com\\\/de\\\/#\\\/schema\\\/logo\\\/image\\\/\"},\"sameAs\":[\"https:\\\/\\\/www.facebook.com\\\/Knestel.GmbH\\\/\",\"https:\\\/\\\/www.linkedin.com\\\/company\\\/knestel-technologie-&amp;amp;-elektronik-gmbh\\\/\"]}]}<\/script>\n<!-- \/ Yoast SEO plugin. -->","yoast_head_json":{"title":"CLDlite - KickDownNOx Analyzer | TRACE-GAS","description":"Continious emission monitoring system (CEMS) for CO, CO2, NOX, SO2. NDIR spectroscopy","robots":{"index":"index","follow":"follow","max-snippet":"max-snippet:-1","max-image-preview":"max-image-preview:large","max-video-preview":"max-video-preview:-1"},"canonical":"https:\/\/www.trace-gas.com\/de\/loesungen\/cldlite-kickdownnox\/","og_locale":"de_DE","og_type":"article","og_title":"CLDlite - KickDownNOx Analyzer | TRACE-GAS","og_description":"Continious emission monitoring system (CEMS) for CO, CO2, NOX, SO2. NDIR spectroscopy","og_url":"https:\/\/www.trace-gas.com\/de\/loesungen\/cldlite-kickdownnox\/","og_site_name":"TRACE-GAS","article_publisher":"https:\/\/www.facebook.com\/Knestel.GmbH\/","article_modified_time":"2021-02-03T06:31:26+00:00","twitter_card":"summary_large_image","schema":{"@context":"https:\/\/schema.org","@graph":[{"@type":"WebPage","@id":"https:\/\/www.trace-gas.com\/de\/loesungen\/cldlite-kickdownnox\/","url":"https:\/\/www.trace-gas.com\/de\/loesungen\/cldlite-kickdownnox\/","name":"CLDlite - KickDownNOx Analyzer | TRACE-GAS","isPartOf":{"@id":"https:\/\/www.trace-gas.com\/de\/#website"},"datePublished":"2020-05-11T10:02:28+00:00","dateModified":"2021-02-03T06:31:26+00:00","description":"Continious emission monitoring system (CEMS) for CO, CO2, NOX, SO2. NDIR spectroscopy","breadcrumb":{"@id":"https:\/\/www.trace-gas.com\/de\/loesungen\/cldlite-kickdownnox\/#breadcrumb"},"inLanguage":"de","potentialAction":[{"@type":"ReadAction","target":["https:\/\/www.trace-gas.com\/de\/loesungen\/cldlite-kickdownnox\/"]}]},{"@type":"BreadcrumbList","@id":"https:\/\/www.trace-gas.com\/de\/loesungen\/cldlite-kickdownnox\/#breadcrumb","itemListElement":[{"@type":"ListItem","position":1,"name":"Startseite","item":"https:\/\/www.trace-gas.com\/de\/"},{"@type":"ListItem","position":2,"name":"L\u00f6sungen","item":"https:\/\/www.trace-gas.com\/de\/solutions-ndir-cems\/"},{"@type":"ListItem","position":3,"name":"CLDlite &#8211; KickDownNOx"}]},{"@type":"WebSite","@id":"https:\/\/www.trace-gas.com\/de\/#website","url":"https:\/\/www.trace-gas.com\/de\/","name":"TRACE-GAS","description":"trace gas analyzers and oem sensors","publisher":{"@id":"https:\/\/www.trace-gas.com\/de\/#organization"},"potentialAction":[{"@type":"SearchAction","target":{"@type":"EntryPoint","urlTemplate":"https:\/\/www.trace-gas.com\/de\/?s={search_term_string}"},"query-input":{"@type":"PropertyValueSpecification","valueRequired":true,"valueName":"search_term_string"}}],"inLanguage":"de"},{"@type":"Organization","@id":"https:\/\/www.trace-gas.com\/de\/#organization","name":"TRACE-GAS","url":"https:\/\/www.trace-gas.com\/de\/","logo":{"@type":"ImageObject","inLanguage":"de","@id":"https:\/\/www.trace-gas.com\/de\/#\/schema\/logo\/image\/","url":"https:\/\/www.trace-gas.com\/wp-content\/uploads\/2018\/06\/logo-tracegasretina.png","contentUrl":"https:\/\/www.trace-gas.com\/wp-content\/uploads\/2018\/06\/logo-tracegasretina.png","width":300,"height":34,"caption":"TRACE-GAS"},"image":{"@id":"https:\/\/www.trace-gas.com\/de\/#\/schema\/logo\/image\/"},"sameAs":["https:\/\/www.facebook.com\/Knestel.GmbH\/","https:\/\/www.linkedin.com\/company\/knestel-technologie-&amp;amp;-elektronik-gmbh\/"]}]}},"_links":{"self":[{"href":"https:\/\/www.trace-gas.com\/de\/wp-json\/wp\/v2\/pages\/7719","targetHints":{"allow":["GET"]}}],"collection":[{"href":"https:\/\/www.trace-gas.com\/de\/wp-json\/wp\/v2\/pages"}],"about":[{"href":"https:\/\/www.trace-gas.com\/de\/wp-json\/wp\/v2\/types\/page"}],"author":[{"embeddable":true,"href":"https:\/\/www.trace-gas.com\/de\/wp-json\/wp\/v2\/users\/9"}],"replies":[{"embeddable":true,"href":"https:\/\/www.trace-gas.com\/de\/wp-json\/wp\/v2\/comments?post=7719"}],"version-history":[{"count":5,"href":"https:\/\/www.trace-gas.com\/de\/wp-json\/wp\/v2\/pages\/7719\/revisions"}],"predecessor-version":[{"id":9837,"href":"https:\/\/www.trace-gas.com\/de\/wp-json\/wp\/v2\/pages\/7719\/revisions\/9837"}],"up":[{"embeddable":true,"href":"https:\/\/www.trace-gas.com\/de\/wp-json\/wp\/v2\/pages\/7705"}],"wp:attachment":[{"href":"https:\/\/www.trace-gas.com\/de\/wp-json\/wp\/v2\/media?parent=7719"}],"curies":[{"name":"wp","href":"https:\/\/api.w.org\/{rel}","templated":true}]}}