{"id":7673,"date":"2020-05-11T11:11:50","date_gmt":"2020-05-11T09:11:50","guid":{"rendered":"https:\/\/www.trace-gas.com\/gasanalysatoren\/pas-analysatoren\/pas-no2-mobil\/"},"modified":"2021-04-23T09:20:23","modified_gmt":"2021-04-23T07:20:23","slug":"pas-no2-immission","status":"publish","type":"page","link":"https:\/\/www.trace-gas.com\/de\/gasanalysatoren\/pas-analysatoren\/pas-no2-immission\/","title":{"rendered":"PAS NO2 Immission"},"content":{"rendered":"\t\t<div data-elementor-type=\"wp-post\" data-elementor-id=\"7673\" class=\"elementor elementor-7673 elementor-6034\" data-elementor-post-type=\"page\">\n\t\t\t\t\t\t<section class=\"elementor-section elementor-top-section elementor-element elementor-element-5d25bdd3 elementor-section-boxed elementor-section-height-default elementor-section-height-default\" data-id=\"5d25bdd3\" data-element_type=\"section\" data-e-type=\"section\">\n\t\t\t\t\t\t<div class=\"elementor-container elementor-column-gap-default\">\n\t\t\t\t\t<div class=\"elementor-column elementor-col-100 elementor-top-column elementor-element elementor-element-599d84cf\" data-id=\"599d84cf\" data-element_type=\"column\" data-e-type=\"column\">\n\t\t\t<div class=\"elementor-widget-wrap elementor-element-populated\">\n\t\t\t\t\t\t<div class=\"elementor-element elementor-element-78d1bd29 elementor-widget elementor-widget-text-editor\" data-id=\"78d1bd29\" data-element_type=\"widget\" data-e-type=\"widget\" data-widget_type=\"text-editor.default\">\n\t\t\t\t<div class=\"elementor-widget-container\">\n\t\t\t\t\t\t\t\t\t<p>Der mobile <strong>TRACE-GAS <span style=\"color: #ce1b28;\">PAS<\/span> NO<sub>2<\/sub>-Analysator<\/strong> <strong>im Koffer<\/strong> vereint Flexibilit\u00e4t und Mobilit\u00e4t, Zuverl\u00e4ssigkeit, schnelles Ansprechverhalten und einfache Handhabung in einem Ger\u00e4t.<br \/>Entwickelt f\u00fcr eine kontinuierliche, mobile Messung von NO<sub>2<\/sub> in der Umgebungsluft.<\/p>\t\t\t\t\t\t\t\t<\/div>\n\t\t\t\t<\/div>\n\t\t\t\t<div class=\"elementor-element elementor-element-f2d85b8 elementor-widget elementor-widget-image\" data-id=\"f2d85b8\" data-element_type=\"widget\" data-e-type=\"widget\" data-widget_type=\"image.default\">\n\t\t\t\t<div class=\"elementor-widget-container\">\n\t\t\t\t\t\t\t\t\t\t\t\t\t\t\t<img fetchpriority=\"high\" decoding=\"async\" width=\"768\" height=\"576\" src=\"https:\/\/www.trace-gas.com\/wp-content\/uploads\/2020\/05\/Koffer_NO2_imission_HMI-768x576.png\" class=\"attachment-medium_large size-medium_large wp-image-7669\" alt=\"Mobile No2 Immission Measurement\" srcset=\"https:\/\/www.trace-gas.com\/wp-content\/uploads\/2020\/05\/Koffer_NO2_imission_HMI-768x576.png 768w, https:\/\/www.trace-gas.com\/wp-content\/uploads\/2020\/05\/Koffer_NO2_imission_HMI-300x225.png 300w, https:\/\/www.trace-gas.com\/wp-content\/uploads\/2020\/05\/Koffer_NO2_imission_HMI-500x375.png 500w, https:\/\/www.trace-gas.com\/wp-content\/uploads\/2020\/05\/Koffer_NO2_imission_HMI.png 1000w\" sizes=\"(max-width: 768px) 100vw, 768px\" \/>\t\t\t\t\t\t\t\t\t\t\t\t\t\t\t<\/div>\n\t\t\t\t<\/div>\n\t\t\t\t\t<\/div>\n\t\t<\/div>\n\t\t\t\t\t<\/div>\n\t\t<\/section>\n\t\t\t\t<\/div>\n\t\t","protected":false},"excerpt":{"rendered":"<p>Zur Messung von: NO2Photoakustische Spektroskopie Der mobile TRACE-GAS PAS NO2-Analysator im Koffer vereint Flexibilit\u00e4t und Mobilit\u00e4t, Zuverl\u00e4ssigkeit, schnelles Ansprechverhalten und einfache Handhabung in einem Ger\u00e4t.Entwickelt f\u00fcr eine kontinuierliche, mobile Messung von NO2 in der Umgebungsluft. Hauptmerkmale keine Querempfindlichkeiten niedrige Adsorptionseffekte keine Kalibrierung erforderlich selektive, kontinuierliche Echtzeit-Messung schnelle Reaktionszeit niedrige Nachweisgrenze geeignet f\u00fcr die Anlagensteuerung nahezu [&hellip;]<\/p>\n","protected":false},"author":9,"featured_media":0,"parent":7665,"menu_order":38,"comment_status":"closed","ping_status":"closed","template":"","meta":{"footnotes":""},"class_list":["post-7673","page","type-page","status-publish","hentry"],"yoast_head":"<!-- This site is optimized with the Yoast SEO plugin v27.4 - https:\/\/yoast.com\/product\/yoast-seo-wordpress\/ -->\n<title>PAS NO2 Immission | TRACE-GAS<\/title>\n<meta name=\"description\" content=\"Der TRACE-GAS PAS (Photoakustische Spektroskopie)-Analysator kombiniert ein geringes Probenvolumen mit extrem genauen Ergebnissen und einem enormen Preisvorteil.\" \/>\n<meta name=\"robots\" content=\"index, follow, max-snippet:-1, max-image-preview:large, max-video-preview:-1\" \/>\n<link rel=\"canonical\" href=\"https:\/\/www.trace-gas.com\/de\/gasanalysatoren\/pas-analysatoren\/pas-no2-immission\/\" \/>\n<meta property=\"og:locale\" content=\"de_DE\" \/>\n<meta property=\"og:type\" content=\"article\" \/>\n<meta property=\"og:title\" content=\"PAS NO2 Immission | TRACE-GAS\" \/>\n<meta property=\"og:description\" content=\"Der TRACE-GAS PAS (Photoakustische Spektroskopie)-Analysator kombiniert ein geringes Probenvolumen mit extrem genauen Ergebnissen und einem enormen Preisvorteil.\" \/>\n<meta property=\"og:url\" content=\"https:\/\/www.trace-gas.com\/de\/gasanalysatoren\/pas-analysatoren\/pas-no2-immission\/\" \/>\n<meta property=\"og:site_name\" content=\"TRACE-GAS\" \/>\n<meta property=\"article:publisher\" content=\"https:\/\/www.facebook.com\/Knestel.GmbH\/\" \/>\n<meta property=\"article:modified_time\" content=\"2021-04-23T07:20:23+00:00\" \/>\n<meta property=\"og:image\" content=\"https:\/\/www.trace-gas.com\/wp-content\/uploads\/2020\/05\/Koffer_NO2_imission_HMI-768x576.png\" \/>\n<meta name=\"twitter:card\" content=\"summary_large_image\" \/>\n<meta name=\"twitter:label1\" content=\"Gesch\u00e4tzte Lesezeit\" \/>\n\t<meta name=\"twitter:data1\" content=\"1\u00a0Minute\" \/>\n<script type=\"application\/ld+json\" class=\"yoast-schema-graph\">{\"@context\":\"https:\\\/\\\/schema.org\",\"@graph\":[{\"@type\":\"WebPage\",\"@id\":\"https:\\\/\\\/www.trace-gas.com\\\/de\\\/gasanalysatoren\\\/pas-analysatoren\\\/pas-no2-immission\\\/\",\"url\":\"https:\\\/\\\/www.trace-gas.com\\\/de\\\/gasanalysatoren\\\/pas-analysatoren\\\/pas-no2-immission\\\/\",\"name\":\"PAS NO2 Immission | TRACE-GAS\",\"isPartOf\":{\"@id\":\"https:\\\/\\\/www.trace-gas.com\\\/de\\\/#website\"},\"primaryImageOfPage\":{\"@id\":\"https:\\\/\\\/www.trace-gas.com\\\/de\\\/gasanalysatoren\\\/pas-analysatoren\\\/pas-no2-immission\\\/#primaryimage\"},\"image\":{\"@id\":\"https:\\\/\\\/www.trace-gas.com\\\/de\\\/gasanalysatoren\\\/pas-analysatoren\\\/pas-no2-immission\\\/#primaryimage\"},\"thumbnailUrl\":\"https:\\\/\\\/www.trace-gas.com\\\/wp-content\\\/uploads\\\/2020\\\/05\\\/Koffer_NO2_imission_HMI-768x576.png\",\"datePublished\":\"2020-05-11T09:11:50+00:00\",\"dateModified\":\"2021-04-23T07:20:23+00:00\",\"description\":\"Der TRACE-GAS PAS (Photoakustische Spektroskopie)-Analysator kombiniert ein geringes Probenvolumen mit extrem genauen Ergebnissen und einem enormen Preisvorteil.\",\"breadcrumb\":{\"@id\":\"https:\\\/\\\/www.trace-gas.com\\\/de\\\/gasanalysatoren\\\/pas-analysatoren\\\/pas-no2-immission\\\/#breadcrumb\"},\"inLanguage\":\"de\",\"potentialAction\":[{\"@type\":\"ReadAction\",\"target\":[\"https:\\\/\\\/www.trace-gas.com\\\/de\\\/gasanalysatoren\\\/pas-analysatoren\\\/pas-no2-immission\\\/\"]}]},{\"@type\":\"ImageObject\",\"inLanguage\":\"de\",\"@id\":\"https:\\\/\\\/www.trace-gas.com\\\/de\\\/gasanalysatoren\\\/pas-analysatoren\\\/pas-no2-immission\\\/#primaryimage\",\"url\":\"https:\\\/\\\/www.trace-gas.com\\\/wp-content\\\/uploads\\\/2020\\\/05\\\/Koffer_NO2_imission_HMI-768x576.png\",\"contentUrl\":\"https:\\\/\\\/www.trace-gas.com\\\/wp-content\\\/uploads\\\/2020\\\/05\\\/Koffer_NO2_imission_HMI-768x576.png\"},{\"@type\":\"BreadcrumbList\",\"@id\":\"https:\\\/\\\/www.trace-gas.com\\\/de\\\/gasanalysatoren\\\/pas-analysatoren\\\/pas-no2-immission\\\/#breadcrumb\",\"itemListElement\":[{\"@type\":\"ListItem\",\"position\":1,\"name\":\"Startseite\",\"item\":\"https:\\\/\\\/www.trace-gas.com\\\/de\\\/\"},{\"@type\":\"ListItem\",\"position\":2,\"name\":\"Gasanalysatoren\",\"item\":\"https:\\\/\\\/www.trace-gas.com\\\/de\\\/gasanalysatoren\\\/\"},{\"@type\":\"ListItem\",\"position\":3,\"name\":\"PAS Analysatoren\",\"item\":\"https:\\\/\\\/www.trace-gas.com\\\/de\\\/gasanalysatoren\\\/pas-analysatoren\\\/\"},{\"@type\":\"ListItem\",\"position\":4,\"name\":\"PAS NO2 Immission\"}]},{\"@type\":\"WebSite\",\"@id\":\"https:\\\/\\\/www.trace-gas.com\\\/de\\\/#website\",\"url\":\"https:\\\/\\\/www.trace-gas.com\\\/de\\\/\",\"name\":\"TRACE-GAS\",\"description\":\"trace gas analyzers and oem sensors\",\"publisher\":{\"@id\":\"https:\\\/\\\/www.trace-gas.com\\\/de\\\/#organization\"},\"potentialAction\":[{\"@type\":\"SearchAction\",\"target\":{\"@type\":\"EntryPoint\",\"urlTemplate\":\"https:\\\/\\\/www.trace-gas.com\\\/de\\\/?s={search_term_string}\"},\"query-input\":{\"@type\":\"PropertyValueSpecification\",\"valueRequired\":true,\"valueName\":\"search_term_string\"}}],\"inLanguage\":\"de\"},{\"@type\":\"Organization\",\"@id\":\"https:\\\/\\\/www.trace-gas.com\\\/de\\\/#organization\",\"name\":\"TRACE-GAS\",\"url\":\"https:\\\/\\\/www.trace-gas.com\\\/de\\\/\",\"logo\":{\"@type\":\"ImageObject\",\"inLanguage\":\"de\",\"@id\":\"https:\\\/\\\/www.trace-gas.com\\\/de\\\/#\\\/schema\\\/logo\\\/image\\\/\",\"url\":\"https:\\\/\\\/www.trace-gas.com\\\/wp-content\\\/uploads\\\/2018\\\/06\\\/logo-tracegasretina.png\",\"contentUrl\":\"https:\\\/\\\/www.trace-gas.com\\\/wp-content\\\/uploads\\\/2018\\\/06\\\/logo-tracegasretina.png\",\"width\":300,\"height\":34,\"caption\":\"TRACE-GAS\"},\"image\":{\"@id\":\"https:\\\/\\\/www.trace-gas.com\\\/de\\\/#\\\/schema\\\/logo\\\/image\\\/\"},\"sameAs\":[\"https:\\\/\\\/www.facebook.com\\\/Knestel.GmbH\\\/\",\"https:\\\/\\\/www.linkedin.com\\\/company\\\/knestel-technologie-&amp;amp;-elektronik-gmbh\\\/\"]}]}<\/script>\n<!-- \/ Yoast SEO plugin. -->","yoast_head_json":{"title":"PAS NO2 Immission | TRACE-GAS","description":"Der TRACE-GAS PAS (Photoakustische Spektroskopie)-Analysator kombiniert ein geringes Probenvolumen mit extrem genauen Ergebnissen und einem enormen Preisvorteil.","robots":{"index":"index","follow":"follow","max-snippet":"max-snippet:-1","max-image-preview":"max-image-preview:large","max-video-preview":"max-video-preview:-1"},"canonical":"https:\/\/www.trace-gas.com\/de\/gasanalysatoren\/pas-analysatoren\/pas-no2-immission\/","og_locale":"de_DE","og_type":"article","og_title":"PAS NO2 Immission | TRACE-GAS","og_description":"Der TRACE-GAS PAS (Photoakustische Spektroskopie)-Analysator kombiniert ein geringes Probenvolumen mit extrem genauen Ergebnissen und einem enormen Preisvorteil.","og_url":"https:\/\/www.trace-gas.com\/de\/gasanalysatoren\/pas-analysatoren\/pas-no2-immission\/","og_site_name":"TRACE-GAS","article_publisher":"https:\/\/www.facebook.com\/Knestel.GmbH\/","article_modified_time":"2021-04-23T07:20:23+00:00","og_image":[{"url":"https:\/\/www.trace-gas.com\/wp-content\/uploads\/2020\/05\/Koffer_NO2_imission_HMI-768x576.png","type":"","width":"","height":""}],"twitter_card":"summary_large_image","twitter_misc":{"Gesch\u00e4tzte Lesezeit":"1\u00a0Minute"},"schema":{"@context":"https:\/\/schema.org","@graph":[{"@type":"WebPage","@id":"https:\/\/www.trace-gas.com\/de\/gasanalysatoren\/pas-analysatoren\/pas-no2-immission\/","url":"https:\/\/www.trace-gas.com\/de\/gasanalysatoren\/pas-analysatoren\/pas-no2-immission\/","name":"PAS NO2 Immission | TRACE-GAS","isPartOf":{"@id":"https:\/\/www.trace-gas.com\/de\/#website"},"primaryImageOfPage":{"@id":"https:\/\/www.trace-gas.com\/de\/gasanalysatoren\/pas-analysatoren\/pas-no2-immission\/#primaryimage"},"image":{"@id":"https:\/\/www.trace-gas.com\/de\/gasanalysatoren\/pas-analysatoren\/pas-no2-immission\/#primaryimage"},"thumbnailUrl":"https:\/\/www.trace-gas.com\/wp-content\/uploads\/2020\/05\/Koffer_NO2_imission_HMI-768x576.png","datePublished":"2020-05-11T09:11:50+00:00","dateModified":"2021-04-23T07:20:23+00:00","description":"Der TRACE-GAS PAS (Photoakustische Spektroskopie)-Analysator kombiniert ein geringes Probenvolumen mit extrem genauen Ergebnissen und einem enormen Preisvorteil.","breadcrumb":{"@id":"https:\/\/www.trace-gas.com\/de\/gasanalysatoren\/pas-analysatoren\/pas-no2-immission\/#breadcrumb"},"inLanguage":"de","potentialAction":[{"@type":"ReadAction","target":["https:\/\/www.trace-gas.com\/de\/gasanalysatoren\/pas-analysatoren\/pas-no2-immission\/"]}]},{"@type":"ImageObject","inLanguage":"de","@id":"https:\/\/www.trace-gas.com\/de\/gasanalysatoren\/pas-analysatoren\/pas-no2-immission\/#primaryimage","url":"https:\/\/www.trace-gas.com\/wp-content\/uploads\/2020\/05\/Koffer_NO2_imission_HMI-768x576.png","contentUrl":"https:\/\/www.trace-gas.com\/wp-content\/uploads\/2020\/05\/Koffer_NO2_imission_HMI-768x576.png"},{"@type":"BreadcrumbList","@id":"https:\/\/www.trace-gas.com\/de\/gasanalysatoren\/pas-analysatoren\/pas-no2-immission\/#breadcrumb","itemListElement":[{"@type":"ListItem","position":1,"name":"Startseite","item":"https:\/\/www.trace-gas.com\/de\/"},{"@type":"ListItem","position":2,"name":"Gasanalysatoren","item":"https:\/\/www.trace-gas.com\/de\/gasanalysatoren\/"},{"@type":"ListItem","position":3,"name":"PAS Analysatoren","item":"https:\/\/www.trace-gas.com\/de\/gasanalysatoren\/pas-analysatoren\/"},{"@type":"ListItem","position":4,"name":"PAS NO2 Immission"}]},{"@type":"WebSite","@id":"https:\/\/www.trace-gas.com\/de\/#website","url":"https:\/\/www.trace-gas.com\/de\/","name":"TRACE-GAS","description":"trace gas analyzers and oem sensors","publisher":{"@id":"https:\/\/www.trace-gas.com\/de\/#organization"},"potentialAction":[{"@type":"SearchAction","target":{"@type":"EntryPoint","urlTemplate":"https:\/\/www.trace-gas.com\/de\/?s={search_term_string}"},"query-input":{"@type":"PropertyValueSpecification","valueRequired":true,"valueName":"search_term_string"}}],"inLanguage":"de"},{"@type":"Organization","@id":"https:\/\/www.trace-gas.com\/de\/#organization","name":"TRACE-GAS","url":"https:\/\/www.trace-gas.com\/de\/","logo":{"@type":"ImageObject","inLanguage":"de","@id":"https:\/\/www.trace-gas.com\/de\/#\/schema\/logo\/image\/","url":"https:\/\/www.trace-gas.com\/wp-content\/uploads\/2018\/06\/logo-tracegasretina.png","contentUrl":"https:\/\/www.trace-gas.com\/wp-content\/uploads\/2018\/06\/logo-tracegasretina.png","width":300,"height":34,"caption":"TRACE-GAS"},"image":{"@id":"https:\/\/www.trace-gas.com\/de\/#\/schema\/logo\/image\/"},"sameAs":["https:\/\/www.facebook.com\/Knestel.GmbH\/","https:\/\/www.linkedin.com\/company\/knestel-technologie-&amp;amp;-elektronik-gmbh\/"]}]}},"_links":{"self":[{"href":"https:\/\/www.trace-gas.com\/de\/wp-json\/wp\/v2\/pages\/7673","targetHints":{"allow":["GET"]}}],"collection":[{"href":"https:\/\/www.trace-gas.com\/de\/wp-json\/wp\/v2\/pages"}],"about":[{"href":"https:\/\/www.trace-gas.com\/de\/wp-json\/wp\/v2\/types\/page"}],"author":[{"embeddable":true,"href":"https:\/\/www.trace-gas.com\/de\/wp-json\/wp\/v2\/users\/9"}],"replies":[{"embeddable":true,"href":"https:\/\/www.trace-gas.com\/de\/wp-json\/wp\/v2\/comments?post=7673"}],"version-history":[{"count":5,"href":"https:\/\/www.trace-gas.com\/de\/wp-json\/wp\/v2\/pages\/7673\/revisions"}],"predecessor-version":[{"id":10372,"href":"https:\/\/www.trace-gas.com\/de\/wp-json\/wp\/v2\/pages\/7673\/revisions\/10372"}],"up":[{"embeddable":true,"href":"https:\/\/www.trace-gas.com\/de\/wp-json\/wp\/v2\/pages\/7665"}],"wp:attachment":[{"href":"https:\/\/www.trace-gas.com\/de\/wp-json\/wp\/v2\/media?parent=7673"}],"curies":[{"name":"wp","href":"https:\/\/api.w.org\/{rel}","templated":true}]}}