{"id":7671,"date":"2020-05-11T11:09:33","date_gmt":"2020-05-11T09:09:33","guid":{"rendered":"https:\/\/www.trace-gas.com\/gasanalysatoren\/pas-analysatoren\/pas-no2\/"},"modified":"2021-02-03T08:29:05","modified_gmt":"2021-02-03T07:29:05","slug":"pas-no2","status":"publish","type":"page","link":"https:\/\/www.trace-gas.com\/de\/gasanalysatoren\/pas-analysatoren\/pas-no2\/","title":{"rendered":"PAS NO2"},"content":{"rendered":"\t\t<div data-elementor-type=\"wp-post\" data-elementor-id=\"7671\" class=\"elementor elementor-7671 elementor-5882\" data-elementor-post-type=\"page\">\n\t\t\t\t\t\t<section class=\"elementor-section elementor-top-section elementor-element elementor-element-5d25bdd3 elementor-section-boxed elementor-section-height-default elementor-section-height-default\" data-id=\"5d25bdd3\" data-element_type=\"section\" data-e-type=\"section\">\n\t\t\t\t\t\t<div class=\"elementor-container elementor-column-gap-default\">\n\t\t\t\t\t<div class=\"elementor-column elementor-col-100 elementor-top-column elementor-element elementor-element-599d84cf\" data-id=\"599d84cf\" data-element_type=\"column\" data-e-type=\"column\">\n\t\t\t<div class=\"elementor-widget-wrap elementor-element-populated\">\n\t\t\t\t\t\t<div class=\"elementor-element elementor-element-78d1bd29 elementor-widget elementor-widget-text-editor\" data-id=\"78d1bd29\" data-element_type=\"widget\" data-e-type=\"widget\" data-widget_type=\"text-editor.default\">\n\t\t\t\t<div class=\"elementor-widget-container\">\n\t\t\t\t\t\t\t\t\t<p>Der <strong>TRACE-GAS <span style=\"color: #ce1b28;\">PAS<\/span> NO<sub>2<\/sub>-Analysator<\/strong> vereint Zuverl\u00e4ssigkeit, schnelles Ansprechverhalten und einfache Handhabung in einem Ger\u00e4t. <br \/>Entwickelt f\u00fcr eine kontinuierliche Messung von NO<sub>2<\/sub> in der Umgebungsluft.<\/p>\t\t\t\t\t\t\t\t<\/div>\n\t\t\t\t<\/div>\n\t\t\t\t<div class=\"elementor-element elementor-element-0caa15b elementor-widget elementor-widget-image\" data-id=\"0caa15b\" data-element_type=\"widget\" data-e-type=\"widget\" data-widget_type=\"image.default\">\n\t\t\t\t<div class=\"elementor-widget-container\">\n\t\t\t\t\t\t\t\t\t\t\t\t\t\t\t<img fetchpriority=\"high\" decoding=\"async\" width=\"768\" height=\"614\" src=\"https:\/\/www.trace-gas.com\/wp-content\/uploads\/2020\/04\/PAS-NO2-Gesamtger\u00e4t_klein-1-e1600340378964.png\" class=\"attachment-medium_large size-medium_large wp-image-7667\" alt=\"PAS Analyzer, PAS Gasanalysator, NO2\" \/>\t\t\t\t\t\t\t\t\t\t\t\t\t\t\t<\/div>\n\t\t\t\t<\/div>\n\t\t\t\t\t<\/div>\n\t\t<\/div>\n\t\t\t\t\t<\/div>\n\t\t<\/section>\n\t\t\t\t<section class=\"elementor-section elementor-top-section elementor-element elementor-element-49c885a8 elementor-section-boxed elementor-section-height-default elementor-section-height-default\" data-id=\"49c885a8\" data-element_type=\"section\" data-e-type=\"section\" data-settings=\"{&quot;background_background&quot;:&quot;classic&quot;}\">\n\t\t\t\t\t\t\t<div class=\"elementor-background-overlay\"><\/div>\n\t\t\t\t\t\t\t<div class=\"elementor-container elementor-column-gap-default\">\n\t\t\t\t\t<div class=\"elementor-column elementor-col-100 elementor-top-column elementor-element elementor-element-74822b06\" data-id=\"74822b06\" data-element_type=\"column\" data-e-type=\"column\">\n\t\t\t<div class=\"elementor-widget-wrap elementor-element-populated\">\n\t\t\t\t\t\t<div class=\"elementor-element elementor-element-77d49120 elementor-widget elementor-widget-heading\" data-id=\"77d49120\" data-element_type=\"widget\" data-e-type=\"widget\" data-widget_type=\"heading.default\">\n\t\t\t\t<div class=\"elementor-widget-container\">\n\t\t\t\t\t<h2 class=\"elementor-heading-title elementor-size-default\">Brauchen Sie Unterst\u00fctzung?<\/h2>\t\t\t\t<\/div>\n\t\t\t\t<\/div>\n\t\t\t\t<div class=\"elementor-element elementor-element-10791bb6 elementor-widget-divider--view-line elementor-widget elementor-widget-divider\" data-id=\"10791bb6\" data-element_type=\"widget\" data-e-type=\"widget\" data-widget_type=\"divider.default\">\n\t\t\t\t<div class=\"elementor-widget-container\">\n\t\t\t\t\t\t\t<div class=\"elementor-divider\">\n\t\t\t<span class=\"elementor-divider-separator\">\n\t\t\t\t\t\t<\/span>\n\t\t<\/div>\n\t\t\t\t\t\t<\/div>\n\t\t\t\t<\/div>\n\t\t\t\t<div class=\"elementor-element elementor-element-67aa8604 elementor-widget elementor-widget-text-editor\" data-id=\"67aa8604\" data-element_type=\"widget\" data-e-type=\"widget\" data-widget_type=\"text-editor.default\">\n\t\t\t\t<div class=\"elementor-widget-container\">\n\t\t\t\t\t\t\t\t\t<p>Gerne helfen wir Ihnen bei der Auswahl der perfekten Gasanalysatoren Produkte f\u00fcr Ihre Bed\u00fcrfnisse. Sprechen Sie mit uns \u00fcber Gasanalyse Technologien und unsere Gasanalysatoren oder OEM Sensoren.<\/p>\t\t\t\t\t\t\t\t<\/div>\n\t\t\t\t<\/div>\n\t\t\t\t\t<\/div>\n\t\t<\/div>\n\t\t\t\t\t<\/div>\n\t\t<\/section>\n\t\t\t\t<\/div>\n\t\t","protected":false},"excerpt":{"rendered":"<p>Zur Messung von: NO2Photoakustische Spektroskopie Der TRACE-GAS PAS NO2-Analysator vereint Zuverl\u00e4ssigkeit, schnelles Ansprechverhalten und einfache Handhabung in einem Ger\u00e4t. Entwickelt f\u00fcr eine kontinuierliche Messung von NO2 in der Umgebungsluft. Hauptmerkmale keine Querempfindlichkeiten niedrige Adsorptionseffekte keine Kalibrierung erforderlich selektive, kontinuierliche Echtzeit-Messung schnelle Reaktionszeit niedrige Nachweisgrenze geeignet f\u00fcr die Anlagensteuerung nahezu wartungsfrei lange Lebensdauer keine Kondensatbildung best\u00e4ndig [&hellip;]<\/p>\n","protected":false},"author":9,"featured_media":0,"parent":7665,"menu_order":35,"comment_status":"closed","ping_status":"closed","template":"","meta":{"footnotes":""},"class_list":["post-7671","page","type-page","status-publish","hentry"],"yoast_head":"<!-- This site is optimized with the Yoast SEO plugin v27.4 - https:\/\/yoast.com\/product\/yoast-seo-wordpress\/ -->\n<title>PAS NO2 | TRACE-GAS<\/title>\n<meta name=\"description\" content=\"Der TRACE-GAS PAS (Photoakustische Spektroskopie)-Analysator kombiniert ein geringes Probenvolumen mit extrem genauen Ergebnissen und einem enormen Preisvorteil.\" \/>\n<meta name=\"robots\" content=\"index, follow, max-snippet:-1, max-image-preview:large, max-video-preview:-1\" \/>\n<link rel=\"canonical\" href=\"https:\/\/www.trace-gas.com\/de\/gasanalysatoren\/pas-analysatoren\/pas-no2\/\" \/>\n<meta property=\"og:locale\" content=\"de_DE\" \/>\n<meta property=\"og:type\" content=\"article\" \/>\n<meta property=\"og:title\" content=\"PAS NO2 | TRACE-GAS\" \/>\n<meta property=\"og:description\" content=\"Der TRACE-GAS PAS (Photoakustische Spektroskopie)-Analysator kombiniert ein geringes Probenvolumen mit extrem genauen Ergebnissen und einem enormen Preisvorteil.\" \/>\n<meta property=\"og:url\" content=\"https:\/\/www.trace-gas.com\/de\/gasanalysatoren\/pas-analysatoren\/pas-no2\/\" \/>\n<meta property=\"og:site_name\" content=\"TRACE-GAS\" \/>\n<meta property=\"article:publisher\" content=\"https:\/\/www.facebook.com\/Knestel.GmbH\/\" \/>\n<meta property=\"article:modified_time\" content=\"2021-02-03T07:29:05+00:00\" \/>\n<meta property=\"og:image\" content=\"https:\/\/www.trace-gas.com\/wp-content\/uploads\/2020\/04\/PAS-NO2-Gesamtger\u00e4t_klein-1-e1600340378964.png\" \/>\n<meta name=\"twitter:card\" content=\"summary_large_image\" \/>\n<meta name=\"twitter:label1\" content=\"Gesch\u00e4tzte Lesezeit\" \/>\n\t<meta name=\"twitter:data1\" content=\"1\u00a0Minute\" \/>\n<script type=\"application\/ld+json\" class=\"yoast-schema-graph\">{\"@context\":\"https:\\\/\\\/schema.org\",\"@graph\":[{\"@type\":\"WebPage\",\"@id\":\"https:\\\/\\\/www.trace-gas.com\\\/de\\\/gasanalysatoren\\\/pas-analysatoren\\\/pas-no2\\\/\",\"url\":\"https:\\\/\\\/www.trace-gas.com\\\/de\\\/gasanalysatoren\\\/pas-analysatoren\\\/pas-no2\\\/\",\"name\":\"PAS NO2 | TRACE-GAS\",\"isPartOf\":{\"@id\":\"https:\\\/\\\/www.trace-gas.com\\\/de\\\/#website\"},\"datePublished\":\"2020-05-11T09:09:33+00:00\",\"dateModified\":\"2021-02-03T07:29:05+00:00\",\"description\":\"Der TRACE-GAS PAS (Photoakustische Spektroskopie)-Analysator kombiniert ein geringes Probenvolumen mit extrem genauen Ergebnissen und einem enormen Preisvorteil.\",\"breadcrumb\":{\"@id\":\"https:\\\/\\\/www.trace-gas.com\\\/de\\\/gasanalysatoren\\\/pas-analysatoren\\\/pas-no2\\\/#breadcrumb\"},\"inLanguage\":\"de\",\"potentialAction\":[{\"@type\":\"ReadAction\",\"target\":[\"https:\\\/\\\/www.trace-gas.com\\\/de\\\/gasanalysatoren\\\/pas-analysatoren\\\/pas-no2\\\/\"]}]},{\"@type\":\"BreadcrumbList\",\"@id\":\"https:\\\/\\\/www.trace-gas.com\\\/de\\\/gasanalysatoren\\\/pas-analysatoren\\\/pas-no2\\\/#breadcrumb\",\"itemListElement\":[{\"@type\":\"ListItem\",\"position\":1,\"name\":\"Startseite\",\"item\":\"https:\\\/\\\/www.trace-gas.com\\\/de\\\/\"},{\"@type\":\"ListItem\",\"position\":2,\"name\":\"Gasanalysatoren\",\"item\":\"https:\\\/\\\/www.trace-gas.com\\\/de\\\/gasanalysatoren\\\/\"},{\"@type\":\"ListItem\",\"position\":3,\"name\":\"PAS Analysatoren\",\"item\":\"https:\\\/\\\/www.trace-gas.com\\\/de\\\/gasanalysatoren\\\/pas-analysatoren\\\/\"},{\"@type\":\"ListItem\",\"position\":4,\"name\":\"PAS NO2\"}]},{\"@type\":\"WebSite\",\"@id\":\"https:\\\/\\\/www.trace-gas.com\\\/de\\\/#website\",\"url\":\"https:\\\/\\\/www.trace-gas.com\\\/de\\\/\",\"name\":\"TRACE-GAS\",\"description\":\"trace gas analyzers and oem sensors\",\"publisher\":{\"@id\":\"https:\\\/\\\/www.trace-gas.com\\\/de\\\/#organization\"},\"potentialAction\":[{\"@type\":\"SearchAction\",\"target\":{\"@type\":\"EntryPoint\",\"urlTemplate\":\"https:\\\/\\\/www.trace-gas.com\\\/de\\\/?s={search_term_string}\"},\"query-input\":{\"@type\":\"PropertyValueSpecification\",\"valueRequired\":true,\"valueName\":\"search_term_string\"}}],\"inLanguage\":\"de\"},{\"@type\":\"Organization\",\"@id\":\"https:\\\/\\\/www.trace-gas.com\\\/de\\\/#organization\",\"name\":\"TRACE-GAS\",\"url\":\"https:\\\/\\\/www.trace-gas.com\\\/de\\\/\",\"logo\":{\"@type\":\"ImageObject\",\"inLanguage\":\"de\",\"@id\":\"https:\\\/\\\/www.trace-gas.com\\\/de\\\/#\\\/schema\\\/logo\\\/image\\\/\",\"url\":\"https:\\\/\\\/www.trace-gas.com\\\/wp-content\\\/uploads\\\/2018\\\/06\\\/logo-tracegasretina.png\",\"contentUrl\":\"https:\\\/\\\/www.trace-gas.com\\\/wp-content\\\/uploads\\\/2018\\\/06\\\/logo-tracegasretina.png\",\"width\":300,\"height\":34,\"caption\":\"TRACE-GAS\"},\"image\":{\"@id\":\"https:\\\/\\\/www.trace-gas.com\\\/de\\\/#\\\/schema\\\/logo\\\/image\\\/\"},\"sameAs\":[\"https:\\\/\\\/www.facebook.com\\\/Knestel.GmbH\\\/\",\"https:\\\/\\\/www.linkedin.com\\\/company\\\/knestel-technologie-&amp;amp;-elektronik-gmbh\\\/\"]}]}<\/script>\n<!-- \/ Yoast SEO plugin. -->","yoast_head_json":{"title":"PAS NO2 | TRACE-GAS","description":"Der TRACE-GAS PAS (Photoakustische Spektroskopie)-Analysator kombiniert ein geringes Probenvolumen mit extrem genauen Ergebnissen und einem enormen Preisvorteil.","robots":{"index":"index","follow":"follow","max-snippet":"max-snippet:-1","max-image-preview":"max-image-preview:large","max-video-preview":"max-video-preview:-1"},"canonical":"https:\/\/www.trace-gas.com\/de\/gasanalysatoren\/pas-analysatoren\/pas-no2\/","og_locale":"de_DE","og_type":"article","og_title":"PAS NO2 | TRACE-GAS","og_description":"Der TRACE-GAS PAS (Photoakustische Spektroskopie)-Analysator kombiniert ein geringes Probenvolumen mit extrem genauen Ergebnissen und einem enormen Preisvorteil.","og_url":"https:\/\/www.trace-gas.com\/de\/gasanalysatoren\/pas-analysatoren\/pas-no2\/","og_site_name":"TRACE-GAS","article_publisher":"https:\/\/www.facebook.com\/Knestel.GmbH\/","article_modified_time":"2021-02-03T07:29:05+00:00","og_image":[{"url":"https:\/\/www.trace-gas.com\/wp-content\/uploads\/2020\/04\/PAS-NO2-Gesamtger\u00e4t_klein-1-e1600340378964.png","type":"","width":"","height":""}],"twitter_card":"summary_large_image","twitter_misc":{"Gesch\u00e4tzte Lesezeit":"1\u00a0Minute"},"schema":{"@context":"https:\/\/schema.org","@graph":[{"@type":"WebPage","@id":"https:\/\/www.trace-gas.com\/de\/gasanalysatoren\/pas-analysatoren\/pas-no2\/","url":"https:\/\/www.trace-gas.com\/de\/gasanalysatoren\/pas-analysatoren\/pas-no2\/","name":"PAS NO2 | TRACE-GAS","isPartOf":{"@id":"https:\/\/www.trace-gas.com\/de\/#website"},"datePublished":"2020-05-11T09:09:33+00:00","dateModified":"2021-02-03T07:29:05+00:00","description":"Der TRACE-GAS PAS (Photoakustische Spektroskopie)-Analysator kombiniert ein geringes Probenvolumen mit extrem genauen Ergebnissen und einem enormen Preisvorteil.","breadcrumb":{"@id":"https:\/\/www.trace-gas.com\/de\/gasanalysatoren\/pas-analysatoren\/pas-no2\/#breadcrumb"},"inLanguage":"de","potentialAction":[{"@type":"ReadAction","target":["https:\/\/www.trace-gas.com\/de\/gasanalysatoren\/pas-analysatoren\/pas-no2\/"]}]},{"@type":"BreadcrumbList","@id":"https:\/\/www.trace-gas.com\/de\/gasanalysatoren\/pas-analysatoren\/pas-no2\/#breadcrumb","itemListElement":[{"@type":"ListItem","position":1,"name":"Startseite","item":"https:\/\/www.trace-gas.com\/de\/"},{"@type":"ListItem","position":2,"name":"Gasanalysatoren","item":"https:\/\/www.trace-gas.com\/de\/gasanalysatoren\/"},{"@type":"ListItem","position":3,"name":"PAS Analysatoren","item":"https:\/\/www.trace-gas.com\/de\/gasanalysatoren\/pas-analysatoren\/"},{"@type":"ListItem","position":4,"name":"PAS NO2"}]},{"@type":"WebSite","@id":"https:\/\/www.trace-gas.com\/de\/#website","url":"https:\/\/www.trace-gas.com\/de\/","name":"TRACE-GAS","description":"trace gas analyzers and oem sensors","publisher":{"@id":"https:\/\/www.trace-gas.com\/de\/#organization"},"potentialAction":[{"@type":"SearchAction","target":{"@type":"EntryPoint","urlTemplate":"https:\/\/www.trace-gas.com\/de\/?s={search_term_string}"},"query-input":{"@type":"PropertyValueSpecification","valueRequired":true,"valueName":"search_term_string"}}],"inLanguage":"de"},{"@type":"Organization","@id":"https:\/\/www.trace-gas.com\/de\/#organization","name":"TRACE-GAS","url":"https:\/\/www.trace-gas.com\/de\/","logo":{"@type":"ImageObject","inLanguage":"de","@id":"https:\/\/www.trace-gas.com\/de\/#\/schema\/logo\/image\/","url":"https:\/\/www.trace-gas.com\/wp-content\/uploads\/2018\/06\/logo-tracegasretina.png","contentUrl":"https:\/\/www.trace-gas.com\/wp-content\/uploads\/2018\/06\/logo-tracegasretina.png","width":300,"height":34,"caption":"TRACE-GAS"},"image":{"@id":"https:\/\/www.trace-gas.com\/de\/#\/schema\/logo\/image\/"},"sameAs":["https:\/\/www.facebook.com\/Knestel.GmbH\/","https:\/\/www.linkedin.com\/company\/knestel-technologie-&amp;amp;-elektronik-gmbh\/"]}]}},"_links":{"self":[{"href":"https:\/\/www.trace-gas.com\/de\/wp-json\/wp\/v2\/pages\/7671","targetHints":{"allow":["GET"]}}],"collection":[{"href":"https:\/\/www.trace-gas.com\/de\/wp-json\/wp\/v2\/pages"}],"about":[{"href":"https:\/\/www.trace-gas.com\/de\/wp-json\/wp\/v2\/types\/page"}],"author":[{"embeddable":true,"href":"https:\/\/www.trace-gas.com\/de\/wp-json\/wp\/v2\/users\/9"}],"replies":[{"embeddable":true,"href":"https:\/\/www.trace-gas.com\/de\/wp-json\/wp\/v2\/comments?post=7671"}],"version-history":[{"count":5,"href":"https:\/\/www.trace-gas.com\/de\/wp-json\/wp\/v2\/pages\/7671\/revisions"}],"predecessor-version":[{"id":9950,"href":"https:\/\/www.trace-gas.com\/de\/wp-json\/wp\/v2\/pages\/7671\/revisions\/9950"}],"up":[{"embeddable":true,"href":"https:\/\/www.trace-gas.com\/de\/wp-json\/wp\/v2\/pages\/7665"}],"wp:attachment":[{"href":"https:\/\/www.trace-gas.com\/de\/wp-json\/wp\/v2\/media?parent=7671"}],"curies":[{"name":"wp","href":"https:\/\/api.w.org\/{rel}","templated":true}]}}