{"id":13071,"date":"2023-01-20T11:31:51","date_gmt":"2023-01-20T10:31:51","guid":{"rendered":"https:\/\/www.trace-gas.com\/?page_id=13071"},"modified":"2024-05-03T09:57:04","modified_gmt":"2024-05-03T07:57:04","slug":"partikelzaehler","status":"publish","type":"page","link":"https:\/\/www.trace-gas.com\/de\/gasanalysatoren\/partikelzaehler\/","title":{"rendered":"Partikelz\u00e4hler"},"content":{"rendered":"\t\t<div data-elementor-type=\"wp-post\" data-elementor-id=\"13071\" class=\"elementor elementor-13071 elementor-12977\" data-elementor-post-type=\"page\">\n\t\t\t\t\t\t<section class=\"elementor-section elementor-top-section elementor-element elementor-element-efa284d elementor-section-height-min-height elementor-section-items-stretch elementor-section-boxed elementor-section-height-default\" data-id=\"efa284d\" data-element_type=\"section\" data-e-type=\"section\" data-settings=\"{&quot;background_background&quot;:&quot;gradient&quot;,&quot;animation&quot;:&quot;none&quot;}\">\n\t\t\t\t\t\t<div class=\"elementor-container elementor-column-gap-default\">\n\t\t\t\t\t<div class=\"elementor-column elementor-col-100 elementor-top-column elementor-element elementor-element-8af62cc\" data-id=\"8af62cc\" data-element_type=\"column\" data-e-type=\"column\">\n\t\t\t<div class=\"elementor-widget-wrap elementor-element-populated\">\n\t\t\t\t\t\t<div class=\"elementor-element elementor-element-1c4be8f elementor-widget elementor-widget-heading\" data-id=\"1c4be8f\" data-element_type=\"widget\" data-e-type=\"widget\" data-widget_type=\"heading.default\">\n\t\t\t\t<div class=\"elementor-widget-container\">\n\t\t\t\t\t<h1 class=\"elementor-heading-title elementor-size-default\">Partikelz\u00e4hler<\/h1>\t\t\t\t<\/div>\n\t\t\t\t<\/div>\n\t\t\t\t\t<\/div>\n\t\t<\/div>\n\t\t\t\t\t<\/div>\n\t\t<\/section>\n\t\t\t\t<section class=\"elementor-section elementor-top-section elementor-element elementor-element-a956af1 elementor-section-height-min-height elementor-section-boxed elementor-section-height-default elementor-section-items-middle\" data-id=\"a956af1\" data-element_type=\"section\" data-e-type=\"section\" data-settings=\"{&quot;background_background&quot;:&quot;classic&quot;}\">\n\t\t\t\t\t\t\t<div class=\"elementor-background-overlay\"><\/div>\n\t\t\t\t\t\t\t<div class=\"elementor-container elementor-column-gap-default\">\n\t\t\t\t\t<div class=\"elementor-column elementor-col-100 elementor-top-column elementor-element elementor-element-f965183\" data-id=\"f965183\" data-element_type=\"column\" data-e-type=\"column\">\n\t\t\t<div class=\"elementor-widget-wrap\">\n\t\t\t\t\t\t\t<\/div>\n\t\t<\/div>\n\t\t\t\t\t<\/div>\n\t\t<\/section>\n\t\t\t\t<section class=\"elementor-section elementor-top-section elementor-element elementor-element-2eea13db elementor-section-boxed elementor-section-height-default elementor-section-height-default\" data-id=\"2eea13db\" data-element_type=\"section\" data-e-type=\"section\">\n\t\t\t\t\t\t<div class=\"elementor-container elementor-column-gap-default\">\n\t\t\t\t\t<div class=\"elementor-column elementor-col-100 elementor-top-column elementor-element elementor-element-7363c6d7\" data-id=\"7363c6d7\" data-element_type=\"column\" data-e-type=\"column\">\n\t\t\t<div class=\"elementor-widget-wrap elementor-element-populated\">\n\t\t\t\t\t\t<div class=\"elementor-element elementor-element-30beae2e elementor-widget__width-initial elementor-widget elementor-widget-heading\" data-id=\"30beae2e\" data-element_type=\"widget\" data-e-type=\"widget\" data-widget_type=\"heading.default\">\n\t\t\t\t<div class=\"elementor-widget-container\">\n\t\t\t\t\t<h5 class=\"elementor-heading-title elementor-size-default\">Partikelz\u00e4hlung sofort ready-to-use, modular oder kundenspezifisch\n<\/h5>\t\t\t\t<\/div>\n\t\t\t\t<\/div>\n\t\t\t\t<div class=\"elementor-element elementor-element-59b4f9b9 elementor-widget__width-auto elementor-widget elementor-widget-heading\" data-id=\"59b4f9b9\" data-element_type=\"widget\" data-e-type=\"widget\" data-widget_type=\"heading.default\">\n\t\t\t\t<div class=\"elementor-widget-container\">\n\t\t\t\t\t<h2 class=\"elementor-heading-title elementor-size-default\">Partikelz\u00e4hler - einsatzbereites Analyseger\u00e4t\n<\/h2>\t\t\t\t<\/div>\n\t\t\t\t<\/div>\n\t\t\t\t<div class=\"elementor-element elementor-element-4a5d8b5e elementor-widget__width-auto elementor-widget-divider--view-line elementor-widget elementor-widget-divider\" data-id=\"4a5d8b5e\" data-element_type=\"widget\" data-e-type=\"widget\" data-widget_type=\"divider.default\">\n\t\t\t\t<div class=\"elementor-widget-container\">\n\t\t\t\t\t\t\t<div class=\"elementor-divider\">\n\t\t\t<span class=\"elementor-divider-separator\">\n\t\t\t\t\t\t<\/span>\n\t\t<\/div>\n\t\t\t\t\t\t<\/div>\n\t\t\t\t<\/div>\n\t\t\t\t<div class=\"elementor-element elementor-element-1e90a36 elementor-widget elementor-widget-text-editor\" data-id=\"1e90a36\" data-element_type=\"widget\" data-e-type=\"widget\" data-widget_type=\"text-editor.default\">\n\t\t\t\t<div class=\"elementor-widget-container\">\n\t\t\t\t\t\t\t\t\tTeil unseres Portfolios f\u00fcr die Partikelz\u00e4hlung ist ein prototypisch zugelassener Partikelz\u00e4hler in einem tragbaren Geh\u00e4use einschlie\u00dflich zugelassener Software. Der Partikelz\u00e4hler arbeitet mit der Diffusionsaufladung (DC) und bietet Vorteile wie den Verzicht auf Verbrauchsmaterialien und eine einfache Reinigung und Wartung, da die Koronanadel im Messprozess nicht verschmutzt wird. Der Analysator kann f\u00fcr die Partikelz\u00e4hlung an Dieselmotoren, Pr\u00fcfst\u00e4nden und aufgrund seiner kompakten Bauweise auch f\u00fcr mobile Messungen eingesetzt werden.\t\t\t\t\t\t\t\t<\/div>\n\t\t\t\t<\/div>\n\t\t\t\t<div class=\"elementor-element elementor-element-e7c0a52 elementor-icon-list--layout-traditional elementor-list-item-link-full_width elementor-widget elementor-widget-icon-list\" data-id=\"e7c0a52\" data-element_type=\"widget\" data-e-type=\"widget\" data-widget_type=\"icon-list.default\">\n\t\t\t\t<div class=\"elementor-widget-container\">\n\t\t\t\t\t\t\t<ul class=\"elementor-icon-list-items\">\n\t\t\t\t\t\t\t<li class=\"elementor-icon-list-item\">\n\t\t\t\t\t\t\t\t\t\t\t<span class=\"elementor-icon-list-icon\">\n\t\t\t\t\t\t\t<i aria-hidden=\"true\" class=\"fas fa-check\"><\/i>\t\t\t\t\t\t<\/span>\n\t\t\t\t\t\t\t\t\t\t<span class=\"elementor-icon-list-text\">Diffusion Charging (DC) <\/span>\n\t\t\t\t\t\t\t\t\t<\/li>\n\t\t\t\t\t\t\t\t<li class=\"elementor-icon-list-item\">\n\t\t\t\t\t\t\t\t\t\t\t<span class=\"elementor-icon-list-icon\">\n\t\t\t\t\t\t\t<i aria-hidden=\"true\" class=\"fas fa-check\"><\/i>\t\t\t\t\t\t<\/span>\n\t\t\t\t\t\t\t\t\t\t<span class=\"elementor-icon-list-text\">Ber\u00fchrungslose Sensortechnik (Faraday Cup)<\/span>\n\t\t\t\t\t\t\t\t\t<\/li>\n\t\t\t\t\t\t\t\t<li class=\"elementor-icon-list-item\">\n\t\t\t\t\t\t\t\t\t\t\t<span class=\"elementor-icon-list-icon\">\n\t\t\t\t\t\t\t<i aria-hidden=\"true\" class=\"fas fa-check\"><\/i>\t\t\t\t\t\t<\/span>\n\t\t\t\t\t\t\t\t\t\t<span class=\"elementor-icon-list-text\">Clean Charging Technology --&gt; keine Verschmutzung der Coronanadel<\/span>\n\t\t\t\t\t\t\t\t\t<\/li>\n\t\t\t\t\t\t\t\t<li class=\"elementor-icon-list-item\">\n\t\t\t\t\t\t\t\t\t\t\t<span class=\"elementor-icon-list-icon\">\n\t\t\t\t\t\t\t<i aria-hidden=\"true\" class=\"fas fa-check\"><\/i>\t\t\t\t\t\t<\/span>\n\t\t\t\t\t\t\t\t\t\t<span class=\"elementor-icon-list-text\"> keine Verbrauchsmaterialien erforderlich  <\/span>\n\t\t\t\t\t\t\t\t\t<\/li>\n\t\t\t\t\t\t\t\t<li class=\"elementor-icon-list-item\">\n\t\t\t\t\t\t\t\t\t\t\t<span class=\"elementor-icon-list-icon\">\n\t\t\t\t\t\t\t<i aria-hidden=\"true\" class=\"fas fa-check\"><\/i>\t\t\t\t\t\t<\/span>\n\t\t\t\t\t\t\t\t\t\t<span class=\"elementor-icon-list-text\">Keine beheizte Messgasleitung erforderlich<\/span>\n\t\t\t\t\t\t\t\t\t<\/li>\n\t\t\t\t\t\t<\/ul>\n\t\t\t\t\t\t<\/div>\n\t\t\t\t<\/div>\n\t\t\t\t<div class=\"elementor-element elementor-element-d2e65e5 elementor-widget elementor-widget-text-editor\" data-id=\"d2e65e5\" data-element_type=\"widget\" data-e-type=\"widget\" data-widget_type=\"text-editor.default\">\n\t\t\t\t<div class=\"elementor-widget-container\">\n\t\t\t\t\t\t\t\t\tWeitere Informationen und Spezifikationen finden Sie auf der Website unserer Dachmarke KNESTEL\t\t\t\t\t\t\t\t<\/div>\n\t\t\t\t<\/div>\n\t\t\t\t<div class=\"elementor-element elementor-element-5cd0d4d elementor-widget elementor-widget-button\" data-id=\"5cd0d4d\" data-element_type=\"widget\" data-e-type=\"widget\" data-widget_type=\"button.default\">\n\t\t\t\t<div class=\"elementor-widget-container\">\n\t\t\t\t\t\t\t\t\t<div class=\"elementor-button-wrapper\">\n\t\t\t\t\t<a class=\"elementor-button elementor-button-link elementor-size-sm\" href=\"https:\/\/knestel.de\/loesungen\/partikelmesstechnik\/partikelmessgeraet\/\" target=\"_blank\">\n\t\t\t\t\t\t<span class=\"elementor-button-content-wrapper\">\n\t\t\t\t\t\t<span class=\"elementor-button-icon\">\n\t\t\t\t<i aria-hidden=\"true\" class=\"fas fa-long-arrow-alt-right\"><\/i>\t\t\t<\/span>\n\t\t\t\t\t\t\t\t\t<span class=\"elementor-button-text\">Mehr Infos<\/span>\n\t\t\t\t\t<\/span>\n\t\t\t\t\t<\/a>\n\t\t\t\t<\/div>\n\t\t\t\t\t\t\t\t<\/div>\n\t\t\t\t<\/div>\n\t\t\t\t\t<\/div>\n\t\t<\/div>\n\t\t\t\t\t<\/div>\n\t\t<\/section>\n\t\t\t\t<\/div>\n\t\t","protected":false},"excerpt":{"rendered":"<p>Partikelz\u00e4hlung sofort ready-to-use, modular oder kundenspezifisch Partikelz\u00e4hler &#8211; einsatzbereites Analyseger\u00e4t Teil unseres Portfolios f\u00fcr die Partikelz\u00e4hlung ist ein prototypisch zugelassener Partikelz\u00e4hler in einem tragbaren Geh\u00e4use einschlie\u00dflich zugelassener Software. Der Partikelz\u00e4hler arbeitet mit der Diffusionsaufladung (DC) und bietet Vorteile wie den Verzicht auf Verbrauchsmaterialien und eine einfache Reinigung und Wartung, da die Koronanadel im Messprozess nicht [&hellip;]<\/p>\n","protected":false},"author":11,"featured_media":0,"parent":7651,"menu_order":26,"comment_status":"closed","ping_status":"closed","template":"","meta":{"footnotes":""},"class_list":["post-13071","page","type-page","status-publish","hentry"],"yoast_head":"<!-- This site is optimized with the Yoast SEO plugin v27.4 - https:\/\/yoast.com\/product\/yoast-seo-wordpress\/ -->\n<title>Partikelz\u00e4hler | TRACE-GAS<\/title>\n<meta name=\"robots\" content=\"index, follow, max-snippet:-1, max-image-preview:large, max-video-preview:-1\" \/>\n<link rel=\"canonical\" href=\"https:\/\/www.trace-gas.com\/de\/gasanalysatoren\/partikelzaehler\/\" \/>\n<meta property=\"og:locale\" content=\"de_DE\" \/>\n<meta property=\"og:type\" content=\"article\" \/>\n<meta property=\"og:title\" content=\"Partikelz\u00e4hler | TRACE-GAS\" \/>\n<meta property=\"og:description\" content=\"Partikelz\u00e4hlung sofort ready-to-use, modular oder kundenspezifisch Partikelz\u00e4hler &#8211; einsatzbereites Analyseger\u00e4t Teil unseres Portfolios f\u00fcr die Partikelz\u00e4hlung ist ein prototypisch zugelassener Partikelz\u00e4hler in einem tragbaren Geh\u00e4use einschlie\u00dflich zugelassener Software. Der Partikelz\u00e4hler arbeitet mit der Diffusionsaufladung (DC) und bietet Vorteile wie den Verzicht auf Verbrauchsmaterialien und eine einfache Reinigung und Wartung, da die Koronanadel im Messprozess nicht [&hellip;]\" \/>\n<meta property=\"og:url\" content=\"https:\/\/www.trace-gas.com\/de\/gasanalysatoren\/partikelzaehler\/\" \/>\n<meta property=\"og:site_name\" content=\"TRACE-GAS\" \/>\n<meta property=\"article:publisher\" content=\"https:\/\/www.facebook.com\/Knestel.GmbH\/\" \/>\n<meta property=\"article:modified_time\" content=\"2024-05-03T07:57:04+00:00\" \/>\n<meta name=\"twitter:card\" content=\"summary_large_image\" \/>\n<meta name=\"twitter:label1\" content=\"Gesch\u00e4tzte Lesezeit\" \/>\n\t<meta name=\"twitter:data1\" content=\"1\u00a0Minute\" \/>\n<script type=\"application\/ld+json\" class=\"yoast-schema-graph\">{\"@context\":\"https:\\\/\\\/schema.org\",\"@graph\":[{\"@type\":\"WebPage\",\"@id\":\"https:\\\/\\\/www.trace-gas.com\\\/de\\\/gasanalysatoren\\\/partikelzaehler\\\/\",\"url\":\"https:\\\/\\\/www.trace-gas.com\\\/de\\\/gasanalysatoren\\\/partikelzaehler\\\/\",\"name\":\"Partikelz\u00e4hler | TRACE-GAS\",\"isPartOf\":{\"@id\":\"https:\\\/\\\/www.trace-gas.com\\\/de\\\/#website\"},\"datePublished\":\"2023-01-20T10:31:51+00:00\",\"dateModified\":\"2024-05-03T07:57:04+00:00\",\"breadcrumb\":{\"@id\":\"https:\\\/\\\/www.trace-gas.com\\\/de\\\/gasanalysatoren\\\/partikelzaehler\\\/#breadcrumb\"},\"inLanguage\":\"de\",\"potentialAction\":[{\"@type\":\"ReadAction\",\"target\":[\"https:\\\/\\\/www.trace-gas.com\\\/de\\\/gasanalysatoren\\\/partikelzaehler\\\/\"]}]},{\"@type\":\"BreadcrumbList\",\"@id\":\"https:\\\/\\\/www.trace-gas.com\\\/de\\\/gasanalysatoren\\\/partikelzaehler\\\/#breadcrumb\",\"itemListElement\":[{\"@type\":\"ListItem\",\"position\":1,\"name\":\"Startseite\",\"item\":\"https:\\\/\\\/www.trace-gas.com\\\/de\\\/\"},{\"@type\":\"ListItem\",\"position\":2,\"name\":\"Gasanalysatoren\",\"item\":\"https:\\\/\\\/www.trace-gas.com\\\/de\\\/gasanalysatoren\\\/\"},{\"@type\":\"ListItem\",\"position\":3,\"name\":\"Partikelz\u00e4hler\"}]},{\"@type\":\"WebSite\",\"@id\":\"https:\\\/\\\/www.trace-gas.com\\\/de\\\/#website\",\"url\":\"https:\\\/\\\/www.trace-gas.com\\\/de\\\/\",\"name\":\"TRACE-GAS\",\"description\":\"trace gas analyzers and oem sensors\",\"publisher\":{\"@id\":\"https:\\\/\\\/www.trace-gas.com\\\/de\\\/#organization\"},\"potentialAction\":[{\"@type\":\"SearchAction\",\"target\":{\"@type\":\"EntryPoint\",\"urlTemplate\":\"https:\\\/\\\/www.trace-gas.com\\\/de\\\/?s={search_term_string}\"},\"query-input\":{\"@type\":\"PropertyValueSpecification\",\"valueRequired\":true,\"valueName\":\"search_term_string\"}}],\"inLanguage\":\"de\"},{\"@type\":\"Organization\",\"@id\":\"https:\\\/\\\/www.trace-gas.com\\\/de\\\/#organization\",\"name\":\"TRACE-GAS\",\"url\":\"https:\\\/\\\/www.trace-gas.com\\\/de\\\/\",\"logo\":{\"@type\":\"ImageObject\",\"inLanguage\":\"de\",\"@id\":\"https:\\\/\\\/www.trace-gas.com\\\/de\\\/#\\\/schema\\\/logo\\\/image\\\/\",\"url\":\"https:\\\/\\\/www.trace-gas.com\\\/wp-content\\\/uploads\\\/2018\\\/06\\\/logo-tracegasretina.png\",\"contentUrl\":\"https:\\\/\\\/www.trace-gas.com\\\/wp-content\\\/uploads\\\/2018\\\/06\\\/logo-tracegasretina.png\",\"width\":300,\"height\":34,\"caption\":\"TRACE-GAS\"},\"image\":{\"@id\":\"https:\\\/\\\/www.trace-gas.com\\\/de\\\/#\\\/schema\\\/logo\\\/image\\\/\"},\"sameAs\":[\"https:\\\/\\\/www.facebook.com\\\/Knestel.GmbH\\\/\",\"https:\\\/\\\/www.linkedin.com\\\/company\\\/knestel-technologie-&amp;amp;-elektronik-gmbh\\\/\"]}]}<\/script>\n<!-- \/ Yoast SEO plugin. -->","yoast_head_json":{"title":"Partikelz\u00e4hler | TRACE-GAS","robots":{"index":"index","follow":"follow","max-snippet":"max-snippet:-1","max-image-preview":"max-image-preview:large","max-video-preview":"max-video-preview:-1"},"canonical":"https:\/\/www.trace-gas.com\/de\/gasanalysatoren\/partikelzaehler\/","og_locale":"de_DE","og_type":"article","og_title":"Partikelz\u00e4hler | TRACE-GAS","og_description":"Partikelz\u00e4hlung sofort ready-to-use, modular oder kundenspezifisch Partikelz\u00e4hler &#8211; einsatzbereites Analyseger\u00e4t Teil unseres Portfolios f\u00fcr die Partikelz\u00e4hlung ist ein prototypisch zugelassener Partikelz\u00e4hler in einem tragbaren Geh\u00e4use einschlie\u00dflich zugelassener Software. Der Partikelz\u00e4hler arbeitet mit der Diffusionsaufladung (DC) und bietet Vorteile wie den Verzicht auf Verbrauchsmaterialien und eine einfache Reinigung und Wartung, da die Koronanadel im Messprozess nicht [&hellip;]","og_url":"https:\/\/www.trace-gas.com\/de\/gasanalysatoren\/partikelzaehler\/","og_site_name":"TRACE-GAS","article_publisher":"https:\/\/www.facebook.com\/Knestel.GmbH\/","article_modified_time":"2024-05-03T07:57:04+00:00","twitter_card":"summary_large_image","twitter_misc":{"Gesch\u00e4tzte Lesezeit":"1\u00a0Minute"},"schema":{"@context":"https:\/\/schema.org","@graph":[{"@type":"WebPage","@id":"https:\/\/www.trace-gas.com\/de\/gasanalysatoren\/partikelzaehler\/","url":"https:\/\/www.trace-gas.com\/de\/gasanalysatoren\/partikelzaehler\/","name":"Partikelz\u00e4hler | TRACE-GAS","isPartOf":{"@id":"https:\/\/www.trace-gas.com\/de\/#website"},"datePublished":"2023-01-20T10:31:51+00:00","dateModified":"2024-05-03T07:57:04+00:00","breadcrumb":{"@id":"https:\/\/www.trace-gas.com\/de\/gasanalysatoren\/partikelzaehler\/#breadcrumb"},"inLanguage":"de","potentialAction":[{"@type":"ReadAction","target":["https:\/\/www.trace-gas.com\/de\/gasanalysatoren\/partikelzaehler\/"]}]},{"@type":"BreadcrumbList","@id":"https:\/\/www.trace-gas.com\/de\/gasanalysatoren\/partikelzaehler\/#breadcrumb","itemListElement":[{"@type":"ListItem","position":1,"name":"Startseite","item":"https:\/\/www.trace-gas.com\/de\/"},{"@type":"ListItem","position":2,"name":"Gasanalysatoren","item":"https:\/\/www.trace-gas.com\/de\/gasanalysatoren\/"},{"@type":"ListItem","position":3,"name":"Partikelz\u00e4hler"}]},{"@type":"WebSite","@id":"https:\/\/www.trace-gas.com\/de\/#website","url":"https:\/\/www.trace-gas.com\/de\/","name":"TRACE-GAS","description":"trace gas analyzers and oem sensors","publisher":{"@id":"https:\/\/www.trace-gas.com\/de\/#organization"},"potentialAction":[{"@type":"SearchAction","target":{"@type":"EntryPoint","urlTemplate":"https:\/\/www.trace-gas.com\/de\/?s={search_term_string}"},"query-input":{"@type":"PropertyValueSpecification","valueRequired":true,"valueName":"search_term_string"}}],"inLanguage":"de"},{"@type":"Organization","@id":"https:\/\/www.trace-gas.com\/de\/#organization","name":"TRACE-GAS","url":"https:\/\/www.trace-gas.com\/de\/","logo":{"@type":"ImageObject","inLanguage":"de","@id":"https:\/\/www.trace-gas.com\/de\/#\/schema\/logo\/image\/","url":"https:\/\/www.trace-gas.com\/wp-content\/uploads\/2018\/06\/logo-tracegasretina.png","contentUrl":"https:\/\/www.trace-gas.com\/wp-content\/uploads\/2018\/06\/logo-tracegasretina.png","width":300,"height":34,"caption":"TRACE-GAS"},"image":{"@id":"https:\/\/www.trace-gas.com\/de\/#\/schema\/logo\/image\/"},"sameAs":["https:\/\/www.facebook.com\/Knestel.GmbH\/","https:\/\/www.linkedin.com\/company\/knestel-technologie-&amp;amp;-elektronik-gmbh\/"]}]}},"_links":{"self":[{"href":"https:\/\/www.trace-gas.com\/de\/wp-json\/wp\/v2\/pages\/13071","targetHints":{"allow":["GET"]}}],"collection":[{"href":"https:\/\/www.trace-gas.com\/de\/wp-json\/wp\/v2\/pages"}],"about":[{"href":"https:\/\/www.trace-gas.com\/de\/wp-json\/wp\/v2\/types\/page"}],"author":[{"embeddable":true,"href":"https:\/\/www.trace-gas.com\/de\/wp-json\/wp\/v2\/users\/11"}],"replies":[{"embeddable":true,"href":"https:\/\/www.trace-gas.com\/de\/wp-json\/wp\/v2\/comments?post=13071"}],"version-history":[{"count":5,"href":"https:\/\/www.trace-gas.com\/de\/wp-json\/wp\/v2\/pages\/13071\/revisions"}],"predecessor-version":[{"id":13788,"href":"https:\/\/www.trace-gas.com\/de\/wp-json\/wp\/v2\/pages\/13071\/revisions\/13788"}],"up":[{"embeddable":true,"href":"https:\/\/www.trace-gas.com\/de\/wp-json\/wp\/v2\/pages\/7651"}],"wp:attachment":[{"href":"https:\/\/www.trace-gas.com\/de\/wp-json\/wp\/v2\/media?parent=13071"}],"curies":[{"name":"wp","href":"https:\/\/api.w.org\/{rel}","templated":true}]}}